{"id":258,"date":"2023-09-26T14:47:45","date_gmt":"2023-09-26T12:47:45","guid":{"rendered":"https:\/\/www.dentistesfigueras.com\/implantologia\/"},"modified":"2023-11-15T10:44:49","modified_gmt":"2023-11-15T09:44:49","slug":"implantologia","status":"publish","type":"page","link":"https:\/\/www.dentistesfigueras.com\/ca\/implantologia\/","title":{"rendered":"Implantologia"},"content":{"rendered":"\t\t<div data-elementor-type=\"wp-page\" data-elementor-id=\"258\" class=\"elementor elementor-258 elementor-143\" data-elementor-post-type=\"page\">\n\t\t\t\t\t\t\t<div class=\"elementor-element elementor-element-76cbe91 e-con-full e-flex e-con e-parent\" data-id=\"76cbe91\" data-element_type=\"container\" data-settings=\"{&quot;content_width&quot;:&quot;full&quot;,&quot;background_background&quot;:&quot;classic&quot;}\" data-core-v316-plus=\"true\">\n\t\t<div class=\"elementor-element elementor-element-10461b9 e-con-full e-flex e-con e-child\" data-id=\"10461b9\" data-element_type=\"container\" data-settings=\"{&quot;content_width&quot;:&quot;full&quot;}\">\n\t\t<div class=\"elementor-element elementor-element-706a5e9 e-con-full e-flex e-con e-child\" data-id=\"706a5e9\" data-element_type=\"container\" data-settings=\"{&quot;content_width&quot;:&quot;full&quot;}\">\n\t\t\t\t<div class=\"elementor-element elementor-element-4497af0 elementor-widget elementor-widget-text-editor\" data-id=\"4497af0\" data-element_type=\"widget\" data-widget_type=\"text-editor.default\">\n\t\t\t\t<div class=\"elementor-widget-container\">\n\t\t\t<style>\/*! elementor - v3.16.0 - 09-10-2023 *\/\n.elementor-widget-text-editor.elementor-drop-cap-view-stacked .elementor-drop-cap{background-color:#69727d;color:#fff}.elementor-widget-text-editor.elementor-drop-cap-view-framed .elementor-drop-cap{color:#69727d;border:3px solid;background-color:transparent}.elementor-widget-text-editor:not(.elementor-drop-cap-view-default) .elementor-drop-cap{margin-top:8px}.elementor-widget-text-editor:not(.elementor-drop-cap-view-default) .elementor-drop-cap-letter{width:1em;height:1em}.elementor-widget-text-editor .elementor-drop-cap{float:left;text-align:center;line-height:1;font-size:50px}.elementor-widget-text-editor .elementor-drop-cap-letter{display:inline-block}<\/style>\t\t\t\t<h1 style=\"text-align: center;\">Implants dentals a Espanya<\/h1>\n<p>La cl\u00ednica Europeu combina tecnologia de punta amb tarifes atractives: els <strong>implants dentals a Espanya s\u00f3n un 30% a 40% m\u00e9s econ\u00f2mics<\/strong> en comparaci\u00f3 amb la tarifa mitjana a Fran\u00e7a. A m\u00e9s a m\u00e9s, rebr\u00e0s un reemborsament id\u00e8ntic al dels tractaments realitzats a Fran\u00e7a. Al finalitzar el servei, es lliurar\u00e0 al pacient un formulari de seguretat social per als tractaments realitzats a l&#8217;estranger.<br \/>Gr\u00e0cies a la <strong>implantologia<\/strong>, el pacient recupera la comoditat en mastegar (sense mobilitat) i l&#8217;est\u00e8tica.<\/p>\n\t\t\t\t\t\t<\/div>\n\t\t\t\t<\/div>\n\t\t\t\t<\/div>\n\t\t<div class=\"elementor-element elementor-element-45d9e84 e-con-full e-flex e-con e-child\" data-id=\"45d9e84\" data-element_type=\"container\" data-settings=\"{&quot;content_width&quot;:&quot;full&quot;}\">\n\t\t\t\t<div class=\"elementor-element elementor-element-7e5f0aa elementor-widget elementor-widget-image\" data-id=\"7e5f0aa\" data-element_type=\"widget\" data-widget_type=\"image.default\">\n\t\t\t\t<div class=\"elementor-widget-container\">\n\t\t\t<style>\/*! elementor - v3.16.0 - 09-10-2023 *\/\n.elementor-widget-image{text-align:center}.elementor-widget-image a{display:inline-block}.elementor-widget-image a img[src$=\".svg\"]{width:48px}.elementor-widget-image img{vertical-align:middle;display:inline-block}<\/style>\t\t\t\t\t\t\t\t\t\t\t\t<img decoding=\"async\" loading=\"lazy\" width=\"800\" height=\"534\" src=\"https:\/\/www.dentistesfigueras.com\/wp-content\/uploads\/2023\/09\/AdobeStock_624879138-1024x683.jpeg\" class=\"attachment-large size-large wp-image-278\" alt=\"Cropped shot of a young caucasian woman before and after veneers installation. Teeth whitening. Dentistry, dental treatment. \u0421orrection of uneven teeth with braces. Comparison, difference\" srcset=\"https:\/\/www.dentistesfigueras.com\/wp-content\/uploads\/2023\/09\/AdobeStock_624879138-1024x683.jpeg 1024w, https:\/\/www.dentistesfigueras.com\/wp-content\/uploads\/2023\/09\/AdobeStock_624879138-300x200.jpeg 300w, https:\/\/www.dentistesfigueras.com\/wp-content\/uploads\/2023\/09\/AdobeStock_624879138-768x512.jpeg 768w, https:\/\/www.dentistesfigueras.com\/wp-content\/uploads\/2023\/09\/AdobeStock_624879138-1536x1024.jpeg 1536w, https:\/\/www.dentistesfigueras.com\/wp-content\/uploads\/2023\/09\/AdobeStock_624879138-2048x1365.jpeg 2048w\" sizes=\"(max-width: 800px) 100vw, 800px\" \/>\t\t\t\t\t\t\t\t\t\t\t\t\t\t\t<\/div>\n\t\t\t\t<\/div>\n\t\t\t\t<\/div>\n\t\t\t\t<\/div>\n\t\t<div class=\"elementor-element elementor-element-b24aea3 e-con-full e-flex e-con e-child\" data-id=\"b24aea3\" data-element_type=\"container\" data-settings=\"{&quot;content_width&quot;:&quot;full&quot;}\">\n\t\t<div class=\"elementor-element elementor-element-5935173 e-con-full e-flex e-con e-child\" data-id=\"5935173\" data-element_type=\"container\" data-settings=\"{&quot;content_width&quot;:&quot;full&quot;}\">\n\t\t\t\t<div class=\"elementor-element elementor-element-5f3cc5f elementor-widget elementor-widget-image\" data-id=\"5f3cc5f\" data-element_type=\"widget\" data-widget_type=\"image.default\">\n\t\t\t\t<div class=\"elementor-widget-container\">\n\t\t\t\t\t\t\t\t\t\t\t\t\t\t\t<img decoding=\"async\" loading=\"lazy\" width=\"800\" height=\"621\" src=\"https:\/\/www.dentistesfigueras.com\/wp-content\/uploads\/2023\/09\/AdobeStock_264263064-1024x795.jpeg\" class=\"attachment-large size-large wp-image-274\" alt=\"\" srcset=\"https:\/\/www.dentistesfigueras.com\/wp-content\/uploads\/2023\/09\/AdobeStock_264263064-1024x795.jpeg 1024w, https:\/\/www.dentistesfigueras.com\/wp-content\/uploads\/2023\/09\/AdobeStock_264263064-300x233.jpeg 300w, https:\/\/www.dentistesfigueras.com\/wp-content\/uploads\/2023\/09\/AdobeStock_264263064-768x597.jpeg 768w, https:\/\/www.dentistesfigueras.com\/wp-content\/uploads\/2023\/09\/AdobeStock_264263064-1536x1193.jpeg 1536w, https:\/\/www.dentistesfigueras.com\/wp-content\/uploads\/2023\/09\/AdobeStock_264263064-2048x1591.jpeg 2048w\" sizes=\"(max-width: 800px) 100vw, 800px\" \/>\t\t\t\t\t\t\t\t\t\t\t\t\t\t\t<\/div>\n\t\t\t\t<\/div>\n\t\t\t\t<\/div>\n\t\t<div class=\"elementor-element elementor-element-01d0eee e-con-full e-flex e-con e-child\" data-id=\"01d0eee\" data-element_type=\"container\" data-settings=\"{&quot;content_width&quot;:&quot;full&quot;}\">\n\t\t\t\t<div class=\"elementor-element elementor-element-e60dbf9 elementor-widget elementor-widget-text-editor\" data-id=\"e60dbf9\" data-element_type=\"widget\" data-widget_type=\"text-editor.default\">\n\t\t\t\t<div class=\"elementor-widget-container\">\n\t\t\t\t\t\t\t<h2>Qu\u00e8 \u00e9s un implant dental?<\/h2>\n<p>La implantologia \u00e9s una t\u00e8cnica que permet substituir una arrel dental despr\u00e9s de la p\u00e8rdua o l&#8217;extracci\u00f3 de la mateixa. L&#8217;<strong>implant dental<\/strong>, per tant, no correspon a una dent falsa, sin\u00f3 que \u00e9s m\u00e9s aviat una arrel artificial. L&#8217;implant dental pren la forma d&#8217;un cargol que s&#8217;ancora a la mand\u00edbula i permet acollir una pr\u00f2tesi o una corona. Aquest cargol fa entre 1 &#8211; 1,5 cm de llarg i 0,3 &#8211; 0,5 cm d&#8217;ample. Els <strong>nostres implants<\/strong> dentals estan fets de titani perqu\u00e8 \u00e9s un material que s&#8217;integra perfectament en l&#8217;os de la mand\u00edbula i assegura l&#8217;\u00e8xit de l&#8217;operaci\u00f3. La col\u00b7locaci\u00f3 d&#8217;un implant dental pot ser recomanada en alguns casos per substituir una o diverses dents.<\/p>\n\t\t\t\t\t\t<\/div>\n\t\t\t\t<\/div>\n\t\t\t\t<\/div>\n\t\t\t\t<\/div>\n\t\t<div class=\"elementor-element elementor-element-1da9f8d e-con-full e-flex e-con e-child\" data-id=\"1da9f8d\" data-element_type=\"container\" data-settings=\"{&quot;content_width&quot;:&quot;full&quot;}\">\n\t\t\t\t<div class=\"elementor-element elementor-element-db55b04 elementor-widget elementor-widget-text-editor\" data-id=\"db55b04\" data-element_type=\"widget\" data-widget_type=\"text-editor.default\">\n\t\t\t\t<div class=\"elementor-widget-container\">\n\t\t\t\t\t\t\t<h2>Com es realitza la col\u00b7locaci\u00f3 d&#8217;un implant dental ?<\/h2>\n<p>Tots els procediments d&#8217;implantologia es realitzen a la nostra sala d&#8217;operacions, i la intervenci\u00f3 en s\u00ed no \u00e9s dolorosa. Els nostres experts dentistes realitzen inicialment una an\u00e0lisi radiogr\u00e0fica i determinen si l&#8217;<strong>implant dental<\/strong> \u00e9s el tractament adequat per a vost\u00e8. Durant tot el procediment de col\u00b7locaci\u00f3 de l&#8217;implant dental, estar\u00e0 sota anest\u00e8sia local. L&#8217;acte de cirurgia dental consisteix a fer una incisi\u00f3 a les genives per adaptar l&#8217;os de la mand\u00edbula i despr\u00e9s poder encaixar-hi l&#8217;implant dental.<\/p>\n<p>Despr\u00e9s de l&#8217;operaci\u00f3 i amb una bona higiene bucodental, l&#8217;implant dental \u00e9s una soluci\u00f3 a llarg termini.<\/p>\n<p>Li assegurem :<\/p>\n<ul>\n<li>Atenci\u00f3 immediata<\/li>\n<li>Injert de sinus<\/li>\n<li>Injert de Ramus<\/li>\n<li>Implantologia assistida per ordinador&#8221; ou &#8220;Implantologia computaritzada<\/li>\n<\/ul>\n<p><strong>Tots els implants dentals s\u00f3n de marca francesa.<\/strong><\/p>\n<p>Mai no sortir\u00e0 de la cl\u00ednica sense les seves dents gr\u00e0cies als nostres implants dentals amb pr\u00f2tesis\/ponts posats el mateix dia.<\/p>\n<p>Sol\u00b7liciteu un <span style=\"color: #33cccc;\"><a style=\"color: #33cccc;\" href=\"https:\/\/www.dentistesfigueras.com\/ca\/contact\/\"><span style=\"color: #409595;\">pressupost gratu\u00eft d&#8217;implant dental<\/span><\/a><\/span> als dentistes Cardoso, Dubie i Porra. <br>Es pot enviar un pressupost&nbsp;per correu electr\u00f2nic.<\/p>\t\t\t\t\t\t<\/div>\n\t\t\t\t<\/div>\n\t\t\t\t<\/div>\n\t\t\t\t<\/div>\n\t\t\t\t\t\t\t<\/div>\n\t\t","protected":false},"excerpt":{"rendered":"<p>Implants dentals a Espanya La cl\u00ednica Europeu combina tecnologia de punta amb tarifes atractives: els implants dentals a Espanya s\u00f3n un 30% a 40% m\u00e9s econ\u00f2mics en comparaci\u00f3 amb la tarifa mitjana a Fran\u00e7a. A m\u00e9s a m\u00e9s, rebr\u00e0s un reemborsament id\u00e8ntic al dels tractaments realitzats a Fran\u00e7a. Al finalitzar el servei, es lliurar\u00e0 al [&hellip;]<\/p>\n","protected":false},"author":1,"featured_media":0,"parent":0,"menu_order":0,"comment_status":"closed","ping_status":"closed","template":"","meta":{"_seopress_robots_primary_cat":"","footnotes":""},"_links":{"self":[{"href":"https:\/\/www.dentistesfigueras.com\/ca\/wp-json\/wp\/v2\/pages\/258"}],"collection":[{"href":"https:\/\/www.dentistesfigueras.com\/ca\/wp-json\/wp\/v2\/pages"}],"about":[{"href":"https:\/\/www.dentistesfigueras.com\/ca\/wp-json\/wp\/v2\/types\/page"}],"author":[{"embeddable":true,"href":"https:\/\/www.dentistesfigueras.com\/ca\/wp-json\/wp\/v2\/users\/1"}],"replies":[{"embeddable":true,"href":"https:\/\/www.dentistesfigueras.com\/ca\/wp-json\/wp\/v2\/comments?post=258"}],"version-history":[{"count":8,"href":"https:\/\/www.dentistesfigueras.com\/ca\/wp-json\/wp\/v2\/pages\/258\/revisions"}],"predecessor-version":[{"id":926,"href":"https:\/\/www.dentistesfigueras.com\/ca\/wp-json\/wp\/v2\/pages\/258\/revisions\/926"}],"wp:attachment":[{"href":"https:\/\/www.dentistesfigueras.com\/ca\/wp-json\/wp\/v2\/media?parent=258"}],"curies":[{"name":"wp","href":"https:\/\/api.w.org\/{rel}","templated":true}]}}