{"id":267,"date":"2023-09-26T14:49:33","date_gmt":"2023-09-26T12:49:33","guid":{"rendered":"https:\/\/www.dentistesfigueras.com\/protesi\/"},"modified":"2023-11-15T11:24:08","modified_gmt":"2023-11-15T10:24:08","slug":"protesis","status":"publish","type":"page","link":"https:\/\/www.dentistesfigueras.com\/ca\/protesis\/","title":{"rendered":"Pr\u00f2tesis"},"content":{"rendered":"\t\t<div data-elementor-type=\"wp-page\" data-elementor-id=\"267\" class=\"elementor elementor-267 elementor-148\" data-elementor-post-type=\"page\">\n\t\t\t\t\t\t\t<div class=\"elementor-element elementor-element-75176c2 e-con-full e-flex e-con e-parent\" data-id=\"75176c2\" data-element_type=\"container\" data-settings=\"{&quot;content_width&quot;:&quot;full&quot;,&quot;background_background&quot;:&quot;classic&quot;}\" data-core-v316-plus=\"true\">\n\t\t<div class=\"elementor-element elementor-element-75347d6 e-con-full e-flex e-con e-child\" data-id=\"75347d6\" data-element_type=\"container\" data-settings=\"{&quot;content_width&quot;:&quot;full&quot;}\">\n\t\t\t\t<div class=\"elementor-element elementor-element-8d06507 elementor-widget elementor-widget-heading\" data-id=\"8d06507\" data-element_type=\"widget\" data-widget_type=\"heading.default\">\n\t\t\t\t<div class=\"elementor-widget-container\">\n\t\t\t<style>\/*! elementor - v3.16.0 - 09-10-2023 *\/\n.elementor-heading-title{padding:0;margin:0;line-height:1}.elementor-widget-heading .elementor-heading-title[class*=elementor-size-]>a{color:inherit;font-size:inherit;line-height:inherit}.elementor-widget-heading .elementor-heading-title.elementor-size-small{font-size:15px}.elementor-widget-heading .elementor-heading-title.elementor-size-medium{font-size:19px}.elementor-widget-heading .elementor-heading-title.elementor-size-large{font-size:29px}.elementor-widget-heading .elementor-heading-title.elementor-size-xl{font-size:39px}.elementor-widget-heading .elementor-heading-title.elementor-size-xxl{font-size:59px}<\/style><h1 class=\"elementor-heading-title elementor-size-default\">Pr\u00f2tesi dental a Espanya<\/h1>\t\t<\/div>\n\t\t\t\t<\/div>\n\t\t\t\t<div class=\"elementor-element elementor-element-17bb9eb elementor-widget elementor-widget-text-editor\" data-id=\"17bb9eb\" data-element_type=\"widget\" data-widget_type=\"text-editor.default\">\n\t\t\t\t<div class=\"elementor-widget-container\">\n\t\t\t<style>\/*! elementor - v3.16.0 - 09-10-2023 *\/\n.elementor-widget-text-editor.elementor-drop-cap-view-stacked .elementor-drop-cap{background-color:#69727d;color:#fff}.elementor-widget-text-editor.elementor-drop-cap-view-framed .elementor-drop-cap{color:#69727d;border:3px solid;background-color:transparent}.elementor-widget-text-editor:not(.elementor-drop-cap-view-default) .elementor-drop-cap{margin-top:8px}.elementor-widget-text-editor:not(.elementor-drop-cap-view-default) .elementor-drop-cap-letter{width:1em;height:1em}.elementor-widget-text-editor .elementor-drop-cap{float:left;text-align:center;line-height:1;font-size:50px}.elementor-widget-text-editor .elementor-drop-cap-letter{display:inline-block}<\/style>\t\t\t\t<p><span style=\"text-align: var(--text-align); font-size: 22.7812px;\">Beneficieu-vos de cures de qualitat realitzades amb tecnologia de punta: la <strong>col\u00b7locaci\u00f3 de pr\u00f2tesis sobre implant<\/strong> assistida per ordinador.<\/span><\/p>\n<h2>Per qu\u00e8 una pr\u00f2tesi dental ?<\/h2>\n<p>Recupereu l&#8217;est\u00e8tica del vostre somriure gr\u00e0cies a les pr\u00f2tesis dentals. Les <strong>pr\u00f2tesis sobre implants<\/strong> es poden realitzar per substituir una o diverses dents, un grup de dents o una boca completa.<\/p>\n<p>Gr\u00e0cies a una tecnologia avan\u00e7ada assistida per ordinador, recuperar\u00e0 r\u00e0pidament una bona funci\u00f3 mastegadora i l&#8217;est\u00e8tica de la seva boca. A m\u00e9s, evitar\u00e0 el despla\u00e7ament d&#8217;altres dents i els trastorns digestius.<\/p>\n<p>Des de la seva concepci\u00f3 fins a la seva col\u00b7locaci\u00f3, una pr\u00f2tesi sobre implant \u00e9s el resultat del treball de professionals de gran nivell. Totes les pr\u00f2tesis es fabriquen a Fran\u00e7a, a Perpiny\u00e0, per un t\u00e8cnic franc\u00e8s amb qui els dentistes CARDOSO, DUBIE i PORRA col\u00b7laboren des de fa m\u00e9s de 25 anys.<\/p>\n<p>La cl\u00ednica Europeu ofereix tarifes atractives: <strong>pr\u00f2tesis dentals a preus baixos, un 30 a un 40% m\u00e9s econ\u00f2miques<\/strong> en comparaci\u00f3 amb la mitjana de tarifes a Fran\u00e7a. Es lliurar\u00e0 al pacient una fulla de seguretat social per als serveis prestats a l&#8217;estranger al finalitzar el servei (reemborsament id\u00e8ntic als serveis prestats a Fran\u00e7a).<\/p>\n<p>Segons les caracter\u00edstiques de la seva boca, els dentistes CARDOSO, DUBIE i PORRA avaluaran la quantitat d&#8217;implants a col\u00b7locar i els serveis a planificar.<\/p>\n<p>Mai no sortir\u00e0 de la cl\u00ednica sense les seves dents gr\u00e0cies als nostres implants dentals amb pr\u00f2tesis\/ponts posats el mateix dia.<\/p>\n<p><a href=\"https:\/\/www.dentistesfigueras.com\/ca\/contact\/\"><span style=\"color: #409595;\">Poseu-vos en contacte amb nosaltres per a qualsevol sol\u00b7licitud de pressupost o informaci\u00f3.<\/span><\/a> Es podr\u00e0 enviar un pressupost per correu electr\u00f2nic.<\/p>\n\t\t\t\t\t\t<\/div>\n\t\t\t\t<\/div>\n\t\t\t\t<div class=\"elementor-element elementor-element-41fd4ec elementor-widget elementor-widget-image\" data-id=\"41fd4ec\" data-element_type=\"widget\" data-widget_type=\"image.default\">\n\t\t\t\t<div class=\"elementor-widget-container\">\n\t\t\t<style>\/*! elementor - v3.16.0 - 09-10-2023 *\/\n.elementor-widget-image{text-align:center}.elementor-widget-image a{display:inline-block}.elementor-widget-image a img[src$=\".svg\"]{width:48px}.elementor-widget-image img{vertical-align:middle;display:inline-block}<\/style>\t\t\t\t\t\t\t\t\t\t\t\t<img decoding=\"async\" loading=\"lazy\" width=\"800\" height=\"534\" src=\"https:\/\/www.dentistesfigueras.com\/wp-content\/uploads\/2023\/09\/AdobeStock_630303559-1024x683.jpeg\" class=\"attachment-large size-large wp-image-298\" alt=\"\" srcset=\"https:\/\/www.dentistesfigueras.com\/wp-content\/uploads\/2023\/09\/AdobeStock_630303559-1024x683.jpeg 1024w, https:\/\/www.dentistesfigueras.com\/wp-content\/uploads\/2023\/09\/AdobeStock_630303559-300x200.jpeg 300w, https:\/\/www.dentistesfigueras.com\/wp-content\/uploads\/2023\/09\/AdobeStock_630303559-768x512.jpeg 768w, https:\/\/www.dentistesfigueras.com\/wp-content\/uploads\/2023\/09\/AdobeStock_630303559-1536x1024.jpeg 1536w, https:\/\/www.dentistesfigueras.com\/wp-content\/uploads\/2023\/09\/AdobeStock_630303559-2048x1365.jpeg 2048w\" sizes=\"(max-width: 800px) 100vw, 800px\" \/>\t\t\t\t\t\t\t\t\t\t\t\t\t\t\t<\/div>\n\t\t\t\t<\/div>\n\t\t\t\t<\/div>\n\t\t\t\t<\/div>\n\t\t\t\t\t\t\t<\/div>\n\t\t","protected":false},"excerpt":{"rendered":"<p>Pr\u00f2tesi dental a Espanya Beneficieu-vos de cures de qualitat realitzades amb tecnologia de punta: la col\u00b7locaci\u00f3 de pr\u00f2tesis sobre implant assistida per ordinador. Per qu\u00e8 una pr\u00f2tesi dental ? Recupereu l&#8217;est\u00e8tica del vostre somriure gr\u00e0cies a les pr\u00f2tesis dentals. Les pr\u00f2tesis sobre implants es poden realitzar per substituir una o diverses dents, un grup de [&hellip;]<\/p>\n","protected":false},"author":1,"featured_media":0,"parent":0,"menu_order":0,"comment_status":"closed","ping_status":"closed","template":"","meta":{"_seopress_robots_primary_cat":"","footnotes":""},"_links":{"self":[{"href":"https:\/\/www.dentistesfigueras.com\/ca\/wp-json\/wp\/v2\/pages\/267"}],"collection":[{"href":"https:\/\/www.dentistesfigueras.com\/ca\/wp-json\/wp\/v2\/pages"}],"about":[{"href":"https:\/\/www.dentistesfigueras.com\/ca\/wp-json\/wp\/v2\/types\/page"}],"author":[{"embeddable":true,"href":"https:\/\/www.dentistesfigueras.com\/ca\/wp-json\/wp\/v2\/users\/1"}],"replies":[{"embeddable":true,"href":"https:\/\/www.dentistesfigueras.com\/ca\/wp-json\/wp\/v2\/comments?post=267"}],"version-history":[{"count":10,"href":"https:\/\/www.dentistesfigueras.com\/ca\/wp-json\/wp\/v2\/pages\/267\/revisions"}],"predecessor-version":[{"id":939,"href":"https:\/\/www.dentistesfigueras.com\/ca\/wp-json\/wp\/v2\/pages\/267\/revisions\/939"}],"wp:attachment":[{"href":"https:\/\/www.dentistesfigueras.com\/ca\/wp-json\/wp\/v2\/media?parent=267"}],"curies":[{"name":"wp","href":"https:\/\/api.w.org\/{rel}","templated":true}]}}