{"id":1035,"date":"2023-09-25T16:44:00","date_gmt":"2023-09-25T14:44:00","guid":{"rendered":"https:\/\/www.dentistesfigueras.com\/politica-de-privacidad\/"},"modified":"2024-02-05T15:17:20","modified_gmt":"2024-02-05T14:17:20","slug":"politica-de-privacidad","status":"publish","type":"page","link":"https:\/\/www.dentistesfigueras.com\/es\/politica-de-privacidad\/","title":{"rendered":"Pol\u00edtica de privacidad"},"content":{"rendered":"\t\t<div data-elementor-type=\"wp-page\" data-elementor-id=\"1035\" class=\"elementor elementor-1035 elementor-3\" data-elementor-post-type=\"page\">\n\t\t\t\t\t\t\t<div class=\"elementor-element elementor-element-def8b07 e-con-full e-flex e-con e-parent\" data-id=\"def8b07\" data-element_type=\"container\" data-settings=\"{&quot;content_width&quot;:&quot;full&quot;,&quot;background_background&quot;:&quot;classic&quot;}\" data-core-v316-plus=\"true\">\n\t\t<div class=\"elementor-element elementor-element-7103892 e-con-full e-flex e-con e-child\" data-id=\"7103892\" data-element_type=\"container\" data-settings=\"{&quot;content_width&quot;:&quot;full&quot;}\">\n\t\t\t\t<div class=\"elementor-element elementor-element-7da55ab elementor-widget elementor-widget-text-editor\" data-id=\"7da55ab\" data-element_type=\"widget\" data-widget_type=\"text-editor.default\">\n\t\t\t\t<div class=\"elementor-widget-container\">\n\t\t\t<style>\/*! elementor - v3.16.0 - 09-10-2023 *\/\n.elementor-widget-text-editor.elementor-drop-cap-view-stacked .elementor-drop-cap{background-color:#69727d;color:#fff}.elementor-widget-text-editor.elementor-drop-cap-view-framed .elementor-drop-cap{color:#69727d;border:3px solid;background-color:transparent}.elementor-widget-text-editor:not(.elementor-drop-cap-view-default) .elementor-drop-cap{margin-top:8px}.elementor-widget-text-editor:not(.elementor-drop-cap-view-default) .elementor-drop-cap-letter{width:1em;height:1em}.elementor-widget-text-editor .elementor-drop-cap{float:left;text-align:center;line-height:1;font-size:50px}.elementor-widget-text-editor .elementor-drop-cap-letter{display:inline-block}<\/style>\t\t\t\t<h1 style=\"text-align: center;\">Pol\u00edtica de privacidad<\/h1>\n<p style=\"text-align: left;\"><strong>\u00bf Qui\u00e9nes somos ?<\/strong><\/p>\n<p><\/p>\n<p><\/p>\n<p>La direcci\u00f3n de nuestro sitio web es :<span style=\"color: #409595;\"><a style=\"color: #409595;\" href=\"https:\/\/dentistesfigueras.pp.bm-services.com.\">https:\/\/www.dentistesfigueras.com<\/a> <br> <br>.<\/span><\/p>\n<p class=\"wp-block-heading\"><strong>Comentarios :<\/strong><\/p>\n<p><span style=\"color: #409595;\"> <\/span><\/p>\n<p>Cuando dejas un comentario en nuestro sitio, se recopilan los datos ingresados en el formulario de comentarios, junto con tu direcci\u00f3n IP y el agente de usuario de tu navegador, para ayudarnos a detectar comentarios no deseados.<\/p>\n<p><span style=\"color: #409595;\"> <\/span><\/p>\n<p>Se puede enviar una cadena anonimizada creada a partir de tu direcci\u00f3n de correo electr\u00f3nico (tambi\u00e9n llamada hash) al servicio Gravatar para verificar si lo est\u00e1s utilizando. La pol\u00edtica de privacidad del servicio Gravatar est\u00e1 disponible aqu\u00ed: https:\/\/automattic.com\/privacy\/. Despu\u00e9s de que se apruebe tu comentario, tu foto de perfil ser\u00e1 visible p\u00fablicamente junto a tu comentario.<br><br><\/p>\n<p><span style=\"color: #409595;\"> <\/span><\/p>\n<p class=\"wp-block-heading\"><strong>Medios :<\/strong><\/p>\n<p><span style=\"color: #409595;\"> <\/span><\/p>\n<p>Si subes im\u00e1genes al sitio, te recomendamos evitar subir im\u00e1genes que contengan datos EXIF de coordenadas GPS. Las personas que visitan tu sitio pueden descargar y extraer datos de ubicaci\u00f3n de estas im\u00e1genes.<br><br><span style=\"color: #409595;\"><\/span><\/p>\n<p><\/p>\n<p><\/p>\n<p class=\"wp-block-heading\"><strong>Cookies :<\/strong><\/p>\n<p><\/p>\n<p>Si dejas un comentario en nuestro sitio, puedes elegir guardar tu nombre, direcci\u00f3n de correo electr\u00f3nico y sitio web en cookies. Esto es exclusivamente para tu comodidad, para que no tengas que ingresar esta informaci\u00f3n nuevamente al dejar otro comentario m\u00e1s tarde. Estas cookies caducan despu\u00e9s de un a\u00f1o.<\/p>\n<p><\/p>\n<p>Si visitas la p\u00e1gina de inicio de sesi\u00f3n, se crear\u00e1 una cookie temporal para determinar si tu navegador acepta cookies. No contiene datos personales y se eliminar\u00e1 autom\u00e1ticamente al cerrar tu navegador.<\/p>\n<p><\/p>\n<p>Cuando inicias sesi\u00f3n, configuraremos varias cookies para guardar tu informaci\u00f3n de inicio de sesi\u00f3n y las preferencias de visualizaci\u00f3n de la pantalla. La duraci\u00f3n de una cookie de inicio de sesi\u00f3n es de dos d\u00edas, mientras que la de una cookie de opci\u00f3n de pantalla es de un a\u00f1o. Si marcas &#8220;Recu\u00e9rdame&#8221;, tu cookie de inicio de sesi\u00f3n se conservar\u00e1 durante dos semanas. Si cierras la sesi\u00f3n de tu cuenta, la cookie de inicio de sesi\u00f3n se eliminar\u00e1.<\/p>\n<p><\/p>\n<p>Al editar o publicar una entrada, se guardar\u00e1 una cookie adicional en tu navegador. Esta cookie no contiene ning\u00fan dato personal. Simplemente indica el ID de la publicaci\u00f3n que acabas de editar. Caduca despu\u00e9s de un d\u00eda.<br><br><\/p>\n<p><\/p>\n<p class=\"wp-block-heading\"><strong>Contenido incrustado de otros sitios :<\/strong><\/p>\n<p><\/p>\n<p>Los art\u00edculos de este sitio pueden incluir contenido incrustado (por ejemplo, videos, im\u00e1genes, art\u00edculos&#8230;). El contenido incrustado desde otros sitios se comporta de la misma manera que si el visitante hubiera visitado el otro sitio.<\/p>\n<p><\/p>\n<p>Estos sitios web pueden recopilar datos sobre ti, utilizar cookies, incrustar herramientas de seguimiento de terceros y seguir tus interacciones con contenido incrustado si tienes una cuenta y has iniciado sesi\u00f3n en su sitio web.<br><br><\/p>\n<p><\/p>\n<p class=\"wp-block-heading\"><strong>Uso y transmisi\u00f3n de tus datos personales :<\/strong><\/p>\n<p><\/p>\n<p>Si solicitas restablecer tu contrase\u00f1a, tu direcci\u00f3n IP se incluir\u00e1 en el correo electr\u00f3nico de restablecimiento.<br><br><\/p>\n<p><\/p>\n<p class=\"wp-block-heading\"><strong>Duraciones de almacenamiento de tus datos :<\/strong><\/p>\n<p><\/p>\n<p>Si dejas un comentario, el comentario y sus metadatos se conservan indefinidamente. Esto permite el reconocimiento autom\u00e1tico y la aprobaci\u00f3n de comentarios siguientes en lugar de dejarlos en la cola de moderaci\u00f3n.<\/p>\n<p><\/p>\n<p>Para las cuentas que se registran en nuestro sitio, tambi\u00e9n almacenamos los datos personales proporcionados en su perfil. Todos los cuentas pueden ver, modificar o eliminar su informaci\u00f3n personal en cualquier momento (excepto su nombre de usuario). Los administradores del sitio tambi\u00e9n pueden ver y modificar esta informaci\u00f3n.<br><br><\/p>\n<p><\/p>\n<p class=\"wp-block-heading\"><strong>Los derechos que tienes sobre tus datos :<\/strong><\/p>\n<p><\/p>\n<p>Si tienes una cuenta o has dejado comentarios en el sitio, puedes solicitar recibir un archivo con todos los datos personales que tenemos sobre ti, incluidos los que nos has proporcionado. Tambi\u00e9n puedes solicitar la eliminaci\u00f3n de los datos personales sobre ti. Esto no incluye los datos almacenados con fines administrativos, legales o de seguridad.<br><br><\/p>\n<p><\/p>\n<p class=\"wp-block-heading\"><strong>Donde se env\u00edan tus datos :<\/strong><\/p>\n<p><\/p>\n<p>Los comentarios de los visitantes pueden ser verificados mediante un servicio automatizado de detecci\u00f3n de spam.<\/p>\n<p><\/p>\t\t\t\t\t\t<\/div>\n\t\t\t\t<\/div>\n\t\t\t\t<\/div>\n\t\t\t\t<\/div>\n\t\t\t\t\t\t\t<\/div>\n\t\t","protected":false},"excerpt":{"rendered":"<p>Pol\u00edtica de privacidad \u00bf Qui\u00e9nes somos ? La direcci\u00f3n de nuestro sitio web es :https:\/\/www.dentistesfigueras.com . Comentarios : Cuando dejas un comentario en nuestro sitio, se recopilan los datos ingresados en el formulario de comentarios, junto con tu direcci\u00f3n IP y el agente de usuario de tu navegador, para ayudarnos a detectar comentarios no deseados. [&hellip;]<\/p>\n","protected":false},"author":1,"featured_media":0,"parent":0,"menu_order":0,"comment_status":"closed","ping_status":"closed","template":"","meta":{"_seopress_robots_primary_cat":"","footnotes":""},"_links":{"self":[{"href":"https:\/\/www.dentistesfigueras.com\/es\/wp-json\/wp\/v2\/pages\/1035"}],"collection":[{"href":"https:\/\/www.dentistesfigueras.com\/es\/wp-json\/wp\/v2\/pages"}],"about":[{"href":"https:\/\/www.dentistesfigueras.com\/es\/wp-json\/wp\/v2\/types\/page"}],"author":[{"embeddable":true,"href":"https:\/\/www.dentistesfigueras.com\/es\/wp-json\/wp\/v2\/users\/1"}],"replies":[{"embeddable":true,"href":"https:\/\/www.dentistesfigueras.com\/es\/wp-json\/wp\/v2\/comments?post=1035"}],"version-history":[{"count":1,"href":"https:\/\/www.dentistesfigueras.com\/es\/wp-json\/wp\/v2\/pages\/1035\/revisions"}],"predecessor-version":[{"id":1036,"href":"https:\/\/www.dentistesfigueras.com\/es\/wp-json\/wp\/v2\/pages\/1035\/revisions\/1036"}],"wp:attachment":[{"href":"https:\/\/www.dentistesfigueras.com\/es\/wp-json\/wp\/v2\/media?parent=1035"}],"curies":[{"name":"wp","href":"https:\/\/api.w.org\/{rel}","templated":true}]}}