{"id":260,"date":"2023-09-26T14:47:45","date_gmt":"2023-09-26T12:47:45","guid":{"rendered":"https:\/\/www.dentistesfigueras.com\/implantologia\/"},"modified":"2023-11-15T10:50:17","modified_gmt":"2023-11-15T09:50:17","slug":"implantologia","status":"publish","type":"page","link":"https:\/\/www.dentistesfigueras.com\/es\/implantologia\/","title":{"rendered":"Implantolog\u00eda"},"content":{"rendered":"\t\t<div data-elementor-type=\"wp-page\" data-elementor-id=\"260\" class=\"elementor elementor-260 elementor-143\" data-elementor-post-type=\"page\">\n\t\t\t\t\t\t\t<div class=\"elementor-element elementor-element-76cbe91 e-con-full e-flex e-con e-parent\" data-id=\"76cbe91\" data-element_type=\"container\" data-settings=\"{&quot;content_width&quot;:&quot;full&quot;,&quot;background_background&quot;:&quot;classic&quot;}\" data-core-v316-plus=\"true\">\n\t\t<div class=\"elementor-element elementor-element-10461b9 e-con-full e-flex e-con e-child\" data-id=\"10461b9\" data-element_type=\"container\" data-settings=\"{&quot;content_width&quot;:&quot;full&quot;}\">\n\t\t<div class=\"elementor-element elementor-element-706a5e9 e-con-full e-flex e-con e-child\" data-id=\"706a5e9\" data-element_type=\"container\" data-settings=\"{&quot;content_width&quot;:&quot;full&quot;}\">\n\t\t\t\t<div class=\"elementor-element elementor-element-4497af0 elementor-widget elementor-widget-text-editor\" data-id=\"4497af0\" data-element_type=\"widget\" data-widget_type=\"text-editor.default\">\n\t\t\t\t<div class=\"elementor-widget-container\">\n\t\t\t<style>\/*! elementor - v3.16.0 - 09-10-2023 *\/\n.elementor-widget-text-editor.elementor-drop-cap-view-stacked .elementor-drop-cap{background-color:#69727d;color:#fff}.elementor-widget-text-editor.elementor-drop-cap-view-framed .elementor-drop-cap{color:#69727d;border:3px solid;background-color:transparent}.elementor-widget-text-editor:not(.elementor-drop-cap-view-default) .elementor-drop-cap{margin-top:8px}.elementor-widget-text-editor:not(.elementor-drop-cap-view-default) .elementor-drop-cap-letter{width:1em;height:1em}.elementor-widget-text-editor .elementor-drop-cap{float:left;text-align:center;line-height:1;font-size:50px}.elementor-widget-text-editor .elementor-drop-cap-letter{display:inline-block}<\/style>\t\t\t\t<h1 style=\"text-align: center;\">Implantes dentales en Espa\u00f1a<\/h1>\n<p>La cl\u00ednica Europeu combina tecnolog\u00eda de vanguardia con tarifas atractivas: los <strong>implantes dentales en Espa\u00f1a son un 30% a 40% m\u00e1s baratos<\/strong> en comparaci\u00f3n con la tarifa promedio en Francia. Adem\u00e1s, recibir\u00e1s un reembolso id\u00e9ntico al de los tratamientos realizados en Francia. Se entregar\u00e1 al paciente un formulario de seguridad social para los tratamientos realizados en el extranjero al finalizar el servicio.<br \/>Gracias a la <strong>implantolog\u00eda<\/strong>, el paciente recupera la comodidad al masticar (sin movilidad) y la est\u00e9tica.<\/p>\n\t\t\t\t\t\t<\/div>\n\t\t\t\t<\/div>\n\t\t\t\t<\/div>\n\t\t<div class=\"elementor-element elementor-element-45d9e84 e-con-full e-flex e-con e-child\" data-id=\"45d9e84\" data-element_type=\"container\" data-settings=\"{&quot;content_width&quot;:&quot;full&quot;}\">\n\t\t\t\t<div class=\"elementor-element elementor-element-7e5f0aa elementor-widget elementor-widget-image\" data-id=\"7e5f0aa\" data-element_type=\"widget\" data-widget_type=\"image.default\">\n\t\t\t\t<div class=\"elementor-widget-container\">\n\t\t\t<style>\/*! elementor - v3.16.0 - 09-10-2023 *\/\n.elementor-widget-image{text-align:center}.elementor-widget-image a{display:inline-block}.elementor-widget-image a img[src$=\".svg\"]{width:48px}.elementor-widget-image img{vertical-align:middle;display:inline-block}<\/style>\t\t\t\t\t\t\t\t\t\t\t\t<img decoding=\"async\" loading=\"lazy\" width=\"800\" height=\"534\" src=\"https:\/\/www.dentistesfigueras.com\/wp-content\/uploads\/2023\/09\/AdobeStock_624879138-1024x683.jpeg\" class=\"attachment-large size-large wp-image-278\" alt=\"Cropped shot of a young caucasian woman before and after veneers installation. Teeth whitening. Dentistry, dental treatment. \u0421orrection of uneven teeth with braces. Comparison, difference\" srcset=\"https:\/\/www.dentistesfigueras.com\/wp-content\/uploads\/2023\/09\/AdobeStock_624879138-1024x683.jpeg 1024w, https:\/\/www.dentistesfigueras.com\/wp-content\/uploads\/2023\/09\/AdobeStock_624879138-300x200.jpeg 300w, https:\/\/www.dentistesfigueras.com\/wp-content\/uploads\/2023\/09\/AdobeStock_624879138-768x512.jpeg 768w, https:\/\/www.dentistesfigueras.com\/wp-content\/uploads\/2023\/09\/AdobeStock_624879138-1536x1024.jpeg 1536w, https:\/\/www.dentistesfigueras.com\/wp-content\/uploads\/2023\/09\/AdobeStock_624879138-2048x1365.jpeg 2048w\" sizes=\"(max-width: 800px) 100vw, 800px\" \/>\t\t\t\t\t\t\t\t\t\t\t\t\t\t\t<\/div>\n\t\t\t\t<\/div>\n\t\t\t\t<\/div>\n\t\t\t\t<\/div>\n\t\t<div class=\"elementor-element elementor-element-b24aea3 e-con-full e-flex e-con e-child\" data-id=\"b24aea3\" data-element_type=\"container\" data-settings=\"{&quot;content_width&quot;:&quot;full&quot;}\">\n\t\t<div class=\"elementor-element elementor-element-5935173 e-con-full e-flex e-con e-child\" data-id=\"5935173\" data-element_type=\"container\" data-settings=\"{&quot;content_width&quot;:&quot;full&quot;}\">\n\t\t\t\t<div class=\"elementor-element elementor-element-5f3cc5f elementor-widget elementor-widget-image\" data-id=\"5f3cc5f\" data-element_type=\"widget\" data-widget_type=\"image.default\">\n\t\t\t\t<div class=\"elementor-widget-container\">\n\t\t\t\t\t\t\t\t\t\t\t\t\t\t\t<img decoding=\"async\" loading=\"lazy\" width=\"800\" height=\"621\" src=\"https:\/\/www.dentistesfigueras.com\/wp-content\/uploads\/2023\/09\/AdobeStock_264263064-1024x795.jpeg\" class=\"attachment-large size-large wp-image-274\" alt=\"\" srcset=\"https:\/\/www.dentistesfigueras.com\/wp-content\/uploads\/2023\/09\/AdobeStock_264263064-1024x795.jpeg 1024w, https:\/\/www.dentistesfigueras.com\/wp-content\/uploads\/2023\/09\/AdobeStock_264263064-300x233.jpeg 300w, https:\/\/www.dentistesfigueras.com\/wp-content\/uploads\/2023\/09\/AdobeStock_264263064-768x597.jpeg 768w, https:\/\/www.dentistesfigueras.com\/wp-content\/uploads\/2023\/09\/AdobeStock_264263064-1536x1193.jpeg 1536w, https:\/\/www.dentistesfigueras.com\/wp-content\/uploads\/2023\/09\/AdobeStock_264263064-2048x1591.jpeg 2048w\" sizes=\"(max-width: 800px) 100vw, 800px\" \/>\t\t\t\t\t\t\t\t\t\t\t\t\t\t\t<\/div>\n\t\t\t\t<\/div>\n\t\t\t\t<\/div>\n\t\t<div class=\"elementor-element elementor-element-01d0eee e-con-full e-flex e-con e-child\" data-id=\"01d0eee\" data-element_type=\"container\" data-settings=\"{&quot;content_width&quot;:&quot;full&quot;}\">\n\t\t\t\t<div class=\"elementor-element elementor-element-e60dbf9 elementor-widget elementor-widget-text-editor\" data-id=\"e60dbf9\" data-element_type=\"widget\" data-widget_type=\"text-editor.default\">\n\t\t\t\t<div class=\"elementor-widget-container\">\n\t\t\t\t\t\t\t<h2>\u00bf Qu\u00e9 es un implante dental ?<\/h2>\n<p>La implantolog\u00eda es una t\u00e9cnica que permite reemplazar una ra\u00edz dental tras la p\u00e9rdida o extracci\u00f3n de la misma. El <strong>implante dental<\/strong>, por lo tanto, no corresponde a un diente falso, sino que es m\u00e1s bien una ra\u00edz artificial. El implante dental tiene forma de tornillo que se fija en la mand\u00edbula y permite recibir una pr\u00f3tesis o una corona. Este tornillo tiene una longitud de entre 1 y 1,5 cm y un ancho de 0,3 a 0,5 cm. Nuestros <strong>implantes dentales<\/strong> est\u00e1n hechos de titanio, ya que es un material que se integra perfectamente en el hueso de la mand\u00edbula y garantiza el \u00e9xito de la operaci\u00f3n. La colocaci\u00f3n de un implante dental puede ser recomendada en algunos casos para reemplazar uno o varios dientes.<\/p>\n\t\t\t\t\t\t<\/div>\n\t\t\t\t<\/div>\n\t\t\t\t<\/div>\n\t\t\t\t<\/div>\n\t\t<div class=\"elementor-element elementor-element-1da9f8d e-con-full e-flex e-con e-child\" data-id=\"1da9f8d\" data-element_type=\"container\" data-settings=\"{&quot;content_width&quot;:&quot;full&quot;}\">\n\t\t\t\t<div class=\"elementor-element elementor-element-db55b04 elementor-widget elementor-widget-text-editor\" data-id=\"db55b04\" data-element_type=\"widget\" data-widget_type=\"text-editor.default\">\n\t\t\t\t<div class=\"elementor-widget-container\">\n\t\t\t\t\t\t\t<h2>\u00bf C\u00f3mo se realiza la colocaci\u00f3n de un implante dental ?<\/h2>\n<p>Todos los procedimientos de implantolog\u00eda se realizan en nuestro quir\u00f3fano y la intervenci\u00f3n en s\u00ed no es dolorosa. Nuestros dentistas expertos realizan inicialmente un an\u00e1lisis radiogr\u00e1fico y determinan si el <strong>implante dental<\/strong> es el tratamiento adecuado para usted. Durante todo el procedimiento de colocaci\u00f3n del implante dental, estar\u00e1 bajo anestesia local. El acto de cirug\u00eda dental consiste en hacer una incisi\u00f3n en las enc\u00edas para adaptar el hueso de la mand\u00edbula y luego poder atornillar el implante dental.<\/p>\n<p>Despu\u00e9s de la operaci\u00f3n y con una buena higiene bucodental, el implante dental es una soluci\u00f3n a largo plazo.<\/p>\n<p>Le aseguramos :<\/p>\n<ul>\n<li>Atenci\u00f3n inmediata<\/li>\n<li>Injerto de seno<\/li>\n<li>Injerto de Ramus<\/li>\n<li>Implantolog\u00eda asistida por ordenador<\/li>\n<\/ul>\n<p><strong>Todos los implantes dentales son de marca francesa.<\/strong><\/p>\n<p>Nunca abandonar\u00e1 la cl\u00ednica sin sus dientes gracias a nuestros implantes dentales con pr\u00f3tesis\/puentes colocados el mismo d\u00eda.<\/p>\n<p>Solicite un <span style=\"color: #33cccc;\"><a style=\"color: #33cccc;\" href=\"https:\/\/www.dentistesfigueras.com\/es\/contact\/\"><span style=\"color: #409595;\">presupuesto gratuito de implante dental<\/span><\/a><\/span> a los dentistas Cardoso, Dubie y Porra. <br>Se le puede enviar un presupuesto&nbsp;por correo electr\u00f3nico.<\/p>\t\t\t\t\t\t<\/div>\n\t\t\t\t<\/div>\n\t\t\t\t<\/div>\n\t\t\t\t<\/div>\n\t\t\t\t\t\t\t<\/div>\n\t\t","protected":false},"excerpt":{"rendered":"<p>Implantes dentales en Espa\u00f1a La cl\u00ednica Europeu combina tecnolog\u00eda de vanguardia con tarifas atractivas: los implantes dentales en Espa\u00f1a son un 30% a 40% m\u00e1s baratos en comparaci\u00f3n con la tarifa promedio en Francia. Adem\u00e1s, recibir\u00e1s un reembolso id\u00e9ntico al de los tratamientos realizados en Francia. Se entregar\u00e1 al paciente un formulario de seguridad social [&hellip;]<\/p>\n","protected":false},"author":1,"featured_media":0,"parent":0,"menu_order":0,"comment_status":"closed","ping_status":"closed","template":"","meta":{"_seopress_robots_primary_cat":"","footnotes":""},"_links":{"self":[{"href":"https:\/\/www.dentistesfigueras.com\/es\/wp-json\/wp\/v2\/pages\/260"}],"collection":[{"href":"https:\/\/www.dentistesfigueras.com\/es\/wp-json\/wp\/v2\/pages"}],"about":[{"href":"https:\/\/www.dentistesfigueras.com\/es\/wp-json\/wp\/v2\/types\/page"}],"author":[{"embeddable":true,"href":"https:\/\/www.dentistesfigueras.com\/es\/wp-json\/wp\/v2\/users\/1"}],"replies":[{"embeddable":true,"href":"https:\/\/www.dentistesfigueras.com\/es\/wp-json\/wp\/v2\/comments?post=260"}],"version-history":[{"count":6,"href":"https:\/\/www.dentistesfigueras.com\/es\/wp-json\/wp\/v2\/pages\/260\/revisions"}],"predecessor-version":[{"id":928,"href":"https:\/\/www.dentistesfigueras.com\/es\/wp-json\/wp\/v2\/pages\/260\/revisions\/928"}],"wp:attachment":[{"href":"https:\/\/www.dentistesfigueras.com\/es\/wp-json\/wp\/v2\/media?parent=260"}],"curies":[{"name":"wp","href":"https:\/\/api.w.org\/{rel}","templated":true}]}}