{"id":266,"date":"2023-09-25T16:45:19","date_gmt":"2023-09-25T14:45:19","guid":{"rendered":"https:\/\/www.dentistesfigueras.com\/avisos-legales\/"},"modified":"2023-11-15T10:55:05","modified_gmt":"2023-11-15T09:55:05","slug":"avisos-legales","status":"publish","type":"page","link":"https:\/\/www.dentistesfigueras.com\/es\/avisos-legales\/","title":{"rendered":"Avisos legales"},"content":{"rendered":"\t\t<div data-elementor-type=\"wp-page\" data-elementor-id=\"266\" class=\"elementor elementor-266 elementor-46\" data-elementor-post-type=\"page\">\n\t\t\t\t\t\t\t<div class=\"elementor-element elementor-element-936f71f e-con-full e-flex e-con e-parent\" data-id=\"936f71f\" data-element_type=\"container\" data-settings=\"{&quot;content_width&quot;:&quot;full&quot;,&quot;background_background&quot;:&quot;classic&quot;}\" data-core-v316-plus=\"true\">\n\t\t<div class=\"elementor-element elementor-element-99e7b04 e-con-full e-flex e-con e-child\" data-id=\"99e7b04\" data-element_type=\"container\" data-settings=\"{&quot;content_width&quot;:&quot;full&quot;}\">\n\t\t\t\t<div class=\"elementor-element elementor-element-aac3ae6 elementor-widget elementor-widget-text-editor\" data-id=\"aac3ae6\" data-element_type=\"widget\" data-widget_type=\"text-editor.default\">\n\t\t\t\t<div class=\"elementor-widget-container\">\n\t\t\t<style>\/*! elementor - v3.16.0 - 09-10-2023 *\/\n.elementor-widget-text-editor.elementor-drop-cap-view-stacked .elementor-drop-cap{background-color:#69727d;color:#fff}.elementor-widget-text-editor.elementor-drop-cap-view-framed .elementor-drop-cap{color:#69727d;border:3px solid;background-color:transparent}.elementor-widget-text-editor:not(.elementor-drop-cap-view-default) .elementor-drop-cap{margin-top:8px}.elementor-widget-text-editor:not(.elementor-drop-cap-view-default) .elementor-drop-cap-letter{width:1em;height:1em}.elementor-widget-text-editor .elementor-drop-cap{float:left;text-align:center;line-height:1;font-size:50px}.elementor-widget-text-editor .elementor-drop-cap-letter{display:inline-block}<\/style>\t\t\t\t<h1 style=\"text-align: center;\"><strong>Avisos legales<\/strong><\/h1>\n<p><strong>1. Informaci\u00f3n sobre la cl\u00ednica dental<\/strong><\/p>\n<p>CENTRE EUROPEU &#8211; Clinica dental<br \/>Carrer de l&#8217;Empord\u00e0. 72 bjs<br \/>17600 Figueres<br \/>Girona, Espa\u00f1a.<\/p>\n<p>Tel. (+34) 972 67 33 66<\/p>\n<p>info@dentistesfigueras.com<\/p>\n<p><strong>2. Dentistas<\/strong><\/p>\n<p>Los dentistas de la cl\u00ednica dental son profesionales de la salud dental. Est\u00e1n inscritos en el Colegio de Dentistas de Espa\u00f1a.<\/p>\n<p>Dr. Carlos CARDOSO<\/p>\n<p>Dentista graduado de la Universidad de Lisbonne &#8211; COL.8678<\/p>\n<p>Dr. Christophe DUBIE<br \/>Dentista graduado de la Universidad de Toulouse &#8211; COL.2145<\/p>\n<p>Dr. Patrick PORRA<br \/>Dentista graduado de la Universidad de Toulouse &#8211; COL.2139<\/p>\n<p><strong>3. Responsable de la publicaci\u00f3n<\/strong><\/p>\n<p>Dr. Carlos CARDOSO<br \/>E-Mail : c.i.cardoso2020@gmail.com<\/p>\n<p><strong>4. Alojador del sitio web<\/strong><\/p>\n<p>El sitio web <span style=\"color: #409595;\"><a style=\"color: #409595;\" href=\"https:\/\/www.dentistefigueras.com\">www.dentistefigueras.com<\/a><\/span> est\u00e1 editado, dise\u00f1ado y alojado en Francia por SARL BM-Services, con un capital de 199,200 euros, registrada en el Registro Mercantil de Mende con el n\u00famero 533 174 199.<\/p>\n<p><strong>5. Propiedad intelectual<\/strong><\/p>\n<p>Se proh\u00edbe cualquier uso no autorizado de este contenido.<\/p>\n<p><strong>6. Datos personales<\/strong><\/p>\n<p>Recopilamos y procesamos datos personales de acuerdo con nuestra <span style=\"color: #409595;\"><a style=\"color: #409595;\" href=\"#\">pol\u00edtica de privacidad<\/a><\/span>.<\/p>\n<p><strong>7. Responsabilidad<\/strong><\/p>\n<p>Nos esforzamos por proporcionar informaci\u00f3n precisa y actualizada en este sitio web, pero no podemos garantizar la exactitud de toda la informaci\u00f3n. En ning\u00fan caso, Centre Europeu &#8211; Clinica Dental ser\u00e1 responsable de los da\u00f1os directos, indirectos o consecuentes resultantes del uso de este sitio web.<\/p>\n<p><strong>8. Ley aplicable<\/strong><\/p>\n<p>El presente aviso legal est\u00e1 regulado por las leyes vigentes en Espa\u00f1a. Cualquier disputa relacionada con este sitio web se someter\u00e1 a la jurisdicci\u00f3n exclusiva de los tribunales espa\u00f1oles.<\/p>\n\t\t\t\t\t\t<\/div>\n\t\t\t\t<\/div>\n\t\t\t\t<\/div>\n\t\t\t\t<\/div>\n\t\t\t\t\t\t\t<\/div>\n\t\t","protected":false},"excerpt":{"rendered":"<p>Avisos legales 1. Informaci\u00f3n sobre la cl\u00ednica dental CENTRE EUROPEU &#8211; Clinica dentalCarrer de l&#8217;Empord\u00e0. 72 bjs17600 FigueresGirona, Espa\u00f1a. Tel. (+34) 972 67 33 66 info@dentistesfigueras.com 2. Dentistas Los dentistas de la cl\u00ednica dental son profesionales de la salud dental. Est\u00e1n inscritos en el Colegio de Dentistas de Espa\u00f1a. Dr. Carlos CARDOSO Dentista graduado de [&hellip;]<\/p>\n","protected":false},"author":1,"featured_media":0,"parent":0,"menu_order":0,"comment_status":"closed","ping_status":"closed","template":"","meta":{"_seopress_robots_primary_cat":"","footnotes":""},"_links":{"self":[{"href":"https:\/\/www.dentistesfigueras.com\/es\/wp-json\/wp\/v2\/pages\/266"}],"collection":[{"href":"https:\/\/www.dentistesfigueras.com\/es\/wp-json\/wp\/v2\/pages"}],"about":[{"href":"https:\/\/www.dentistesfigueras.com\/es\/wp-json\/wp\/v2\/types\/page"}],"author":[{"embeddable":true,"href":"https:\/\/www.dentistesfigueras.com\/es\/wp-json\/wp\/v2\/users\/1"}],"replies":[{"embeddable":true,"href":"https:\/\/www.dentistesfigueras.com\/es\/wp-json\/wp\/v2\/comments?post=266"}],"version-history":[{"count":3,"href":"https:\/\/www.dentistesfigueras.com\/es\/wp-json\/wp\/v2\/pages\/266\/revisions"}],"predecessor-version":[{"id":931,"href":"https:\/\/www.dentistesfigueras.com\/es\/wp-json\/wp\/v2\/pages\/266\/revisions\/931"}],"wp:attachment":[{"href":"https:\/\/www.dentistesfigueras.com\/es\/wp-json\/wp\/v2\/media?parent=266"}],"curies":[{"name":"wp","href":"https:\/\/api.w.org\/{rel}","templated":true}]}}