{"id":269,"date":"2023-09-26T14:49:33","date_gmt":"2023-09-26T12:49:33","guid":{"rendered":"https:\/\/www.dentistesfigueras.com\/protesis\/"},"modified":"2023-11-15T11:30:02","modified_gmt":"2023-11-15T10:30:02","slug":"protesis","status":"publish","type":"page","link":"https:\/\/www.dentistesfigueras.com\/es\/protesis\/","title":{"rendered":"Pr\u00f3tesis"},"content":{"rendered":"\t\t<div data-elementor-type=\"wp-page\" data-elementor-id=\"269\" class=\"elementor elementor-269 elementor-148\" data-elementor-post-type=\"page\">\n\t\t\t\t\t\t\t<div class=\"elementor-element elementor-element-75176c2 e-con-full e-flex e-con e-parent\" data-id=\"75176c2\" data-element_type=\"container\" data-settings=\"{&quot;content_width&quot;:&quot;full&quot;,&quot;background_background&quot;:&quot;classic&quot;}\" data-core-v316-plus=\"true\">\n\t\t<div class=\"elementor-element elementor-element-75347d6 e-con-full e-flex e-con e-child\" data-id=\"75347d6\" data-element_type=\"container\" data-settings=\"{&quot;content_width&quot;:&quot;full&quot;}\">\n\t\t\t\t<div class=\"elementor-element elementor-element-8d06507 elementor-widget elementor-widget-heading\" data-id=\"8d06507\" data-element_type=\"widget\" data-widget_type=\"heading.default\">\n\t\t\t\t<div class=\"elementor-widget-container\">\n\t\t\t<style>\/*! elementor - v3.16.0 - 09-10-2023 *\/\n.elementor-heading-title{padding:0;margin:0;line-height:1}.elementor-widget-heading .elementor-heading-title[class*=elementor-size-]>a{color:inherit;font-size:inherit;line-height:inherit}.elementor-widget-heading .elementor-heading-title.elementor-size-small{font-size:15px}.elementor-widget-heading .elementor-heading-title.elementor-size-medium{font-size:19px}.elementor-widget-heading .elementor-heading-title.elementor-size-large{font-size:29px}.elementor-widget-heading .elementor-heading-title.elementor-size-xl{font-size:39px}.elementor-widget-heading .elementor-heading-title.elementor-size-xxl{font-size:59px}<\/style><h1 class=\"elementor-heading-title elementor-size-default\">Pr\u00f3tesis dental en Espa\u00f1a<\/h1>\t\t<\/div>\n\t\t\t\t<\/div>\n\t\t\t\t<div class=\"elementor-element elementor-element-17bb9eb elementor-widget elementor-widget-text-editor\" data-id=\"17bb9eb\" data-element_type=\"widget\" data-widget_type=\"text-editor.default\">\n\t\t\t\t<div class=\"elementor-widget-container\">\n\t\t\t<style>\/*! elementor - v3.16.0 - 09-10-2023 *\/\n.elementor-widget-text-editor.elementor-drop-cap-view-stacked .elementor-drop-cap{background-color:#69727d;color:#fff}.elementor-widget-text-editor.elementor-drop-cap-view-framed .elementor-drop-cap{color:#69727d;border:3px solid;background-color:transparent}.elementor-widget-text-editor:not(.elementor-drop-cap-view-default) .elementor-drop-cap{margin-top:8px}.elementor-widget-text-editor:not(.elementor-drop-cap-view-default) .elementor-drop-cap-letter{width:1em;height:1em}.elementor-widget-text-editor .elementor-drop-cap{float:left;text-align:center;line-height:1;font-size:50px}.elementor-widget-text-editor .elementor-drop-cap-letter{display:inline-block}<\/style>\t\t\t\t<p><span style=\"text-align: var(--text-align); font-size: 22.7812px;\">Benef\u00edciese de cuidados de alta calidad realizados con tecnolog\u00eda de punta: la <strong>colocaci\u00f3n de pr\u00f3tesis sobre implantes<\/strong> asistida por ordenador.<\/span><\/p>\n<h2>\u00bf Por qu\u00e9 una pr\u00f3tesis dental ?<\/h2>\n<p>Recupere la est\u00e9tica de su sonrisa gracias a las pr\u00f3tesis dentales. Las <strong>pr\u00f3tesis sobre implantes<\/strong> pueden realizarse para reemplazar una o varias dientes, un grupo de dientes o una boca completa.<\/p>\n<p>Gracias a una tecnolog\u00eda avanzada asistida por ordenador, recuperar\u00e1 r\u00e1pidamente una buena funci\u00f3n masticatoria y la est\u00e9tica de su boca. Adem\u00e1s, evitar\u00e1 el desplazamiento de otras piezas dentales y los trastornos digestivos.<\/p>\n<p>Desde su concepci\u00f3n hasta su colocaci\u00f3n, una pr\u00f3tesis sobre implantes es el resultado del trabajo de profesionales de alto nivel. Todas las pr\u00f3tesis se fabrican en Francia, en Perpi\u00f1\u00e1n, por un t\u00e9cnico franc\u00e9s con quien los dentistas CARDOSO, DUBIE y PORRA colaboran desde hace m\u00e1s de 25 a\u00f1os.<\/p>\n<p>La cl\u00ednica Europeu ofrece tarifas atractivas: <strong>pr\u00f3tesis dentales a precios bajos, un 30 a un 40% m\u00e1s baratas<\/strong> en comparaci\u00f3n con el promedio de tarifas en Francia. Se entregar\u00e1 al paciente una hoja de seguridad social para los servicios prestados en el extranjero al finalizar la prestaci\u00f3n (reembolso id\u00e9ntico al de los servicios prestados en Francia).<\/p>\n<p>Seg\u00fan las caracter\u00edsticas de su boca, los dentistas CARDOSO, DUBIE y PORRA evaluar\u00e1n la cantidad de implantes a colocar y los servicios necesarios a planificar<\/p>\n<p>Nunca abandonar\u00e1 la cl\u00ednica sin sus dientes gracias a nuestros implantes dentales con pr\u00f3tesis\/puentes colocados el mismo d\u00eda.<\/p>\n<p><a href=\"https:\/\/www.dentistesfigueras.com\/es\/contact\/\"><span style=\"color: #409595;\">Cont\u00e1ctenos para cualquier solicitud de presupuesto o informaci\u00f3n<\/span><\/a>. Se le podr\u00e1 enviar un presupuesto por correo electr\u00f3nico.<\/p>\n\t\t\t\t\t\t<\/div>\n\t\t\t\t<\/div>\n\t\t\t\t<div class=\"elementor-element elementor-element-41fd4ec elementor-widget elementor-widget-image\" data-id=\"41fd4ec\" data-element_type=\"widget\" data-widget_type=\"image.default\">\n\t\t\t\t<div class=\"elementor-widget-container\">\n\t\t\t<style>\/*! elementor - v3.16.0 - 09-10-2023 *\/\n.elementor-widget-image{text-align:center}.elementor-widget-image a{display:inline-block}.elementor-widget-image a img[src$=\".svg\"]{width:48px}.elementor-widget-image img{vertical-align:middle;display:inline-block}<\/style>\t\t\t\t\t\t\t\t\t\t\t\t<img decoding=\"async\" loading=\"lazy\" width=\"800\" height=\"534\" src=\"https:\/\/www.dentistesfigueras.com\/wp-content\/uploads\/2023\/09\/AdobeStock_630303559-1024x683.jpeg\" class=\"attachment-large size-large wp-image-298\" alt=\"\" srcset=\"https:\/\/www.dentistesfigueras.com\/wp-content\/uploads\/2023\/09\/AdobeStock_630303559-1024x683.jpeg 1024w, https:\/\/www.dentistesfigueras.com\/wp-content\/uploads\/2023\/09\/AdobeStock_630303559-300x200.jpeg 300w, https:\/\/www.dentistesfigueras.com\/wp-content\/uploads\/2023\/09\/AdobeStock_630303559-768x512.jpeg 768w, https:\/\/www.dentistesfigueras.com\/wp-content\/uploads\/2023\/09\/AdobeStock_630303559-1536x1024.jpeg 1536w, https:\/\/www.dentistesfigueras.com\/wp-content\/uploads\/2023\/09\/AdobeStock_630303559-2048x1365.jpeg 2048w\" sizes=\"(max-width: 800px) 100vw, 800px\" \/>\t\t\t\t\t\t\t\t\t\t\t\t\t\t\t<\/div>\n\t\t\t\t<\/div>\n\t\t\t\t<\/div>\n\t\t\t\t<\/div>\n\t\t\t\t\t\t\t<\/div>\n\t\t","protected":false},"excerpt":{"rendered":"<p>Pr\u00f3tesis dental en Espa\u00f1a Benef\u00edciese de cuidados de alta calidad realizados con tecnolog\u00eda de punta: la colocaci\u00f3n de pr\u00f3tesis sobre implantes asistida por ordenador. \u00bf Por qu\u00e9 una pr\u00f3tesis dental ? Recupere la est\u00e9tica de su sonrisa gracias a las pr\u00f3tesis dentales. Las pr\u00f3tesis sobre implantes pueden realizarse para reemplazar una o varias dientes, un [&hellip;]<\/p>\n","protected":false},"author":1,"featured_media":0,"parent":0,"menu_order":0,"comment_status":"closed","ping_status":"closed","template":"","meta":{"_seopress_robots_primary_cat":"","footnotes":""},"_links":{"self":[{"href":"https:\/\/www.dentistesfigueras.com\/es\/wp-json\/wp\/v2\/pages\/269"}],"collection":[{"href":"https:\/\/www.dentistesfigueras.com\/es\/wp-json\/wp\/v2\/pages"}],"about":[{"href":"https:\/\/www.dentistesfigueras.com\/es\/wp-json\/wp\/v2\/types\/page"}],"author":[{"embeddable":true,"href":"https:\/\/www.dentistesfigueras.com\/es\/wp-json\/wp\/v2\/users\/1"}],"replies":[{"embeddable":true,"href":"https:\/\/www.dentistesfigueras.com\/es\/wp-json\/wp\/v2\/comments?post=269"}],"version-history":[{"count":9,"href":"https:\/\/www.dentistesfigueras.com\/es\/wp-json\/wp\/v2\/pages\/269\/revisions"}],"predecessor-version":[{"id":942,"href":"https:\/\/www.dentistesfigueras.com\/es\/wp-json\/wp\/v2\/pages\/269\/revisions\/942"}],"wp:attachment":[{"href":"https:\/\/www.dentistesfigueras.com\/es\/wp-json\/wp\/v2\/media?parent=269"}],"curies":[{"name":"wp","href":"https:\/\/api.w.org\/{rel}","templated":true}]}}