{"id":272,"date":"2023-09-26T14:50:38","date_gmt":"2023-09-26T12:50:38","guid":{"rendered":"https:\/\/www.dentistesfigueras.com\/situacion\/"},"modified":"2023-11-15T11:16:29","modified_gmt":"2023-11-15T10:16:29","slug":"situacion","status":"publish","type":"page","link":"https:\/\/www.dentistesfigueras.com\/es\/situacion\/","title":{"rendered":"Plan de acceso"},"content":{"rendered":"\t\t<div data-elementor-type=\"wp-page\" data-elementor-id=\"272\" class=\"elementor elementor-272 elementor-154\" data-elementor-post-type=\"page\">\n\t\t\t\t\t\t\t<div class=\"elementor-element elementor-element-9ea7ace e-con-full e-flex e-con e-parent\" data-id=\"9ea7ace\" data-element_type=\"container\" data-settings=\"{&quot;content_width&quot;:&quot;full&quot;,&quot;background_background&quot;:&quot;classic&quot;}\" data-core-v316-plus=\"true\">\n\t\t<div class=\"elementor-element elementor-element-b39e74a e-con-full e-flex e-con e-child\" data-id=\"b39e74a\" data-element_type=\"container\" data-settings=\"{&quot;content_width&quot;:&quot;full&quot;}\">\n\t\t\t\t<div class=\"elementor-element elementor-element-15ba820 elementor-widget elementor-widget-text-editor\" data-id=\"15ba820\" data-element_type=\"widget\" data-widget_type=\"text-editor.default\">\n\t\t\t\t<div class=\"elementor-widget-container\">\n\t\t\t<style>\/*! elementor - v3.16.0 - 09-10-2023 *\/\n.elementor-widget-text-editor.elementor-drop-cap-view-stacked .elementor-drop-cap{background-color:#69727d;color:#fff}.elementor-widget-text-editor.elementor-drop-cap-view-framed .elementor-drop-cap{color:#69727d;border:3px solid;background-color:transparent}.elementor-widget-text-editor:not(.elementor-drop-cap-view-default) .elementor-drop-cap{margin-top:8px}.elementor-widget-text-editor:not(.elementor-drop-cap-view-default) .elementor-drop-cap-letter{width:1em;height:1em}.elementor-widget-text-editor .elementor-drop-cap{float:left;text-align:center;line-height:1;font-size:50px}.elementor-widget-text-editor .elementor-drop-cap-letter{display:inline-block}<\/style>\t\t\t\t<h1 style=\"text-align: center;\">Cl\u00ednica dental en Figueres cerca de la frontera francesa.<\/h1>\n<p>La cl\u00ednica dental est\u00e1 ubicada cerca de la <strong>frontera francesa<\/strong>: Salida 3 de la autopista y luego direcci\u00f3n FIGUERAS.&nbsp;<\/p><p>En FIGUERAS, gire a la derecha en la gran intersecci\u00f3n en direcci\u00f3n a OLOT\/BESAL\u00da.<\/p>\n<p>La cl\u00ednica est\u00e1 a 600 metros m\u00e1s adelante, en el lado derecho, frente al hotel TRAVE.<\/p>\n<p>Figueras est\u00e1 a :<\/p>\n<ul>\n<li>50min de Perpi\u00f1\u00e1n<\/li>\n<li>1h20 de Narbona<\/li>\n<li>1h20 de Barcelona<\/li>\n<li>2h20 de Montpellier<\/li>\n<\/ul>\t\t\t\t\t\t<\/div>\n\t\t\t\t<\/div>\n\t\t\t\t<div class=\"elementor-element elementor-element-3de4baa elementor-widget elementor-widget-google_maps\" data-id=\"3de4baa\" data-element_type=\"widget\" data-widget_type=\"google_maps.default\">\n\t\t\t\t<div class=\"elementor-widget-container\">\n\t\t\t<style>\/*! elementor - v3.16.0 - 09-10-2023 *\/\n.elementor-widget-google_maps .elementor-widget-container{overflow:hidden}.elementor-widget-google_maps .elementor-custom-embed{line-height:0}.elementor-widget-google_maps iframe{height:300px}<\/style>\t\t<div class=\"elementor-custom-embed\">\n\t\t\t<iframe loading=\"lazy\"\n\t\t\t\t\tsrc=\"https:\/\/maps.google.com\/maps?q=Centre%20europeu&#038;t=m&#038;z=16&#038;output=embed&#038;iwloc=near\"\n\t\t\t\t\ttitle=\"Centre europeu\"\n\t\t\t\t\taria-label=\"Centre europeu\"\n\t\t\t><\/iframe>\n\t\t<\/div>\n\t\t\t\t<\/div>\n\t\t\t\t<\/div>\n\t\t\t\t<\/div>\n\t\t\t\t<\/div>\n\t\t\t\t\t\t\t<\/div>\n\t\t","protected":false},"excerpt":{"rendered":"<p>Cl\u00ednica dental en Figueres cerca de la frontera francesa. La cl\u00ednica dental est\u00e1 ubicada cerca de la frontera francesa: Salida 3 de la autopista y luego direcci\u00f3n FIGUERAS.&nbsp; En FIGUERAS, gire a la derecha en la gran intersecci\u00f3n en direcci\u00f3n a OLOT\/BESAL\u00da. La cl\u00ednica est\u00e1 a 600 metros m\u00e1s adelante, en el lado derecho, frente [&hellip;]<\/p>\n","protected":false},"author":1,"featured_media":0,"parent":0,"menu_order":0,"comment_status":"closed","ping_status":"closed","template":"","meta":{"_seopress_robots_primary_cat":"","footnotes":""},"_links":{"self":[{"href":"https:\/\/www.dentistesfigueras.com\/es\/wp-json\/wp\/v2\/pages\/272"}],"collection":[{"href":"https:\/\/www.dentistesfigueras.com\/es\/wp-json\/wp\/v2\/pages"}],"about":[{"href":"https:\/\/www.dentistesfigueras.com\/es\/wp-json\/wp\/v2\/types\/page"}],"author":[{"embeddable":true,"href":"https:\/\/www.dentistesfigueras.com\/es\/wp-json\/wp\/v2\/users\/1"}],"replies":[{"embeddable":true,"href":"https:\/\/www.dentistesfigueras.com\/es\/wp-json\/wp\/v2\/comments?post=272"}],"version-history":[{"count":8,"href":"https:\/\/www.dentistesfigueras.com\/es\/wp-json\/wp\/v2\/pages\/272\/revisions"}],"predecessor-version":[{"id":938,"href":"https:\/\/www.dentistesfigueras.com\/es\/wp-json\/wp\/v2\/pages\/272\/revisions\/938"}],"wp:attachment":[{"href":"https:\/\/www.dentistesfigueras.com\/es\/wp-json\/wp\/v2\/media?parent=272"}],"curies":[{"name":"wp","href":"https:\/\/api.w.org\/{rel}","templated":true}]}}