{"id":796,"date":"2023-10-30T11:14:27","date_gmt":"2023-10-30T10:14:27","guid":{"rendered":"https:\/\/www.dentistesfigueras.com\/ortodoncia\/"},"modified":"2023-11-15T11:09:43","modified_gmt":"2023-11-15T10:09:43","slug":"ortodoncia","status":"publish","type":"page","link":"https:\/\/www.dentistesfigueras.com\/es\/ortodoncia\/","title":{"rendered":"Ortodoncia"},"content":{"rendered":"\t\t<div data-elementor-type=\"wp-page\" data-elementor-id=\"796\" class=\"elementor elementor-796 elementor-707\" data-elementor-post-type=\"page\">\n\t\t\t\t\t\t\t<div class=\"elementor-element elementor-element-3d241f2 e-con-full e-flex e-con e-parent\" data-id=\"3d241f2\" data-element_type=\"container\" data-settings=\"{&quot;content_width&quot;:&quot;full&quot;,&quot;background_background&quot;:&quot;classic&quot;}\" data-core-v316-plus=\"true\">\n\t\t<div class=\"elementor-element elementor-element-4b07ce3 e-con-full e-flex e-con e-child\" data-id=\"4b07ce3\" data-element_type=\"container\" data-settings=\"{&quot;content_width&quot;:&quot;full&quot;}\">\n\t\t\t\t<div class=\"elementor-element elementor-element-4eb1b03 elementor-widget elementor-widget-heading\" data-id=\"4eb1b03\" data-element_type=\"widget\" data-widget_type=\"heading.default\">\n\t\t\t\t<div class=\"elementor-widget-container\">\n\t\t\t<style>\/*! elementor - v3.16.0 - 09-10-2023 *\/\n.elementor-heading-title{padding:0;margin:0;line-height:1}.elementor-widget-heading .elementor-heading-title[class*=elementor-size-]>a{color:inherit;font-size:inherit;line-height:inherit}.elementor-widget-heading .elementor-heading-title.elementor-size-small{font-size:15px}.elementor-widget-heading .elementor-heading-title.elementor-size-medium{font-size:19px}.elementor-widget-heading .elementor-heading-title.elementor-size-large{font-size:29px}.elementor-widget-heading .elementor-heading-title.elementor-size-xl{font-size:39px}.elementor-widget-heading .elementor-heading-title.elementor-size-xxl{font-size:59px}<\/style><h1 class=\"elementor-heading-title elementor-size-default\">Ortodoncia Invisalign<\/h1>\t\t<\/div>\n\t\t\t\t<\/div>\n\t\t\t\t<div class=\"elementor-element elementor-element-3d41825 elementor-widget elementor-widget-text-editor\" data-id=\"3d41825\" data-element_type=\"widget\" data-widget_type=\"text-editor.default\">\n\t\t\t\t<div class=\"elementor-widget-container\">\n\t\t\t<style>\/*! elementor - v3.16.0 - 09-10-2023 *\/\n.elementor-widget-text-editor.elementor-drop-cap-view-stacked .elementor-drop-cap{background-color:#69727d;color:#fff}.elementor-widget-text-editor.elementor-drop-cap-view-framed .elementor-drop-cap{color:#69727d;border:3px solid;background-color:transparent}.elementor-widget-text-editor:not(.elementor-drop-cap-view-default) .elementor-drop-cap{margin-top:8px}.elementor-widget-text-editor:not(.elementor-drop-cap-view-default) .elementor-drop-cap-letter{width:1em;height:1em}.elementor-widget-text-editor .elementor-drop-cap{float:left;text-align:center;line-height:1;font-size:50px}.elementor-widget-text-editor .elementor-drop-cap-letter{display:inline-block}<\/style>\t\t\t\t<p>Los Doctores CARDOSO, DUBIE y PORRA se enorgullecen de ofrecerle el <strong>m\u00e9todo Invisalign.<\/strong> Una soluci\u00f3n discreta y efectiva para obtener la sonrisa que se merece.<\/p>\n\t\t\t\t\t\t<\/div>\n\t\t\t\t<\/div>\n\t\t\t\t<\/div>\n\t\t<div class=\"elementor-element elementor-element-beca3fb e-con-full e-flex e-con e-child\" data-id=\"beca3fb\" data-element_type=\"container\" data-settings=\"{&quot;content_width&quot;:&quot;full&quot;}\">\n\t\t\t\t<div class=\"elementor-element elementor-element-050e9d4 elementor-widget__width-initial elementor-widget-mobile__width-inherit elementor-widget elementor-widget-text-editor\" data-id=\"050e9d4\" data-element_type=\"widget\" data-widget_type=\"text-editor.default\">\n\t\t\t\t<div class=\"elementor-widget-container\">\n\t\t\t\t\t\t\t<h2>\u00bf Por qu\u00e9 elegir Invisalign ?<\/h2>\nInvisalign es una alternativa moderna y est\u00e9tica a los aparatos ortod\u00f3nticos tradicionales. Las f\u00e9rulas transparentes y removibles est\u00e1n dise\u00f1adas a medida para adaptarse perfectamente a sus dientes, ofreciendo total discreci\u00f3n.\n\nLas ventajas del m\u00e9todo Invisalign incluyen la discreci\u00f3n, la comodidad, la removibilidad y la eficacia. A diferencia de los aparatos ortod\u00f3nticos tradicionales, Invisalign es pr\u00e1cticamente invisible cuando lo lleva puesto, lo que significa que puede corregir sus dientes sin que nadie lo note. Las f\u00e9rulas son suaves para sus mejillas y labios, minimizando las irritaciones y lesiones. Adem\u00e1s, puedes retirarlas para comer, beber y cepillarte los dientes, lo que facilita el cuidado de tu higiene bucal.\nInvisalign es eficaz para corregir una variedad de problemas ortod\u00f3nticos, incluyendo dientes mal alineados, espaciados o api\u00f1ados.\t\t\t\t\t\t<\/div>\n\t\t\t\t<\/div>\n\t\t\t\t<div class=\"elementor-element elementor-element-437bded elementor-widget__width-initial elementor-widget elementor-widget-image\" data-id=\"437bded\" data-element_type=\"widget\" data-widget_type=\"image.default\">\n\t\t\t\t<div class=\"elementor-widget-container\">\n\t\t\t<style>\/*! elementor - v3.16.0 - 09-10-2023 *\/\n.elementor-widget-image{text-align:center}.elementor-widget-image a{display:inline-block}.elementor-widget-image a img[src$=\".svg\"]{width:48px}.elementor-widget-image img{vertical-align:middle;display:inline-block}<\/style>\t\t\t\t\t\t\t\t\t\t\t\t<img decoding=\"async\" src=\"https:\/\/www.dentistesfigueras.com\/wp-content\/uploads\/2023\/10\/AdobeStock_1882722871.jpeg\" class=\"attachment-full size-full wp-image-783\" alt=\"\" \/>\t\t\t\t\t\t\t\t\t\t\t\t\t\t\t<\/div>\n\t\t\t\t<\/div>\n\t\t\t\t<\/div>\n\t\t<div class=\"elementor-element elementor-element-1edb1d4 e-con-full e-flex e-con e-child\" data-id=\"1edb1d4\" data-element_type=\"container\" data-settings=\"{&quot;content_width&quot;:&quot;full&quot;}\">\n\t\t\t\t<div class=\"elementor-element elementor-element-f738a0b elementor-widget__width-initial elementor-widget-mobile__width-inherit elementor-widget elementor-widget-image\" data-id=\"f738a0b\" data-element_type=\"widget\" data-widget_type=\"image.default\">\n\t\t\t\t<div class=\"elementor-widget-container\">\n\t\t\t\t\t\t\t\t\t\t\t\t\t\t\t<img decoding=\"async\" loading=\"lazy\" width=\"800\" height=\"534\" src=\"https:\/\/www.dentistesfigueras.com\/wp-content\/uploads\/2023\/10\/AdobeStock_513607671-1024x683.jpeg\" class=\"attachment-large size-large wp-image-719\" alt=\"\" srcset=\"https:\/\/www.dentistesfigueras.com\/wp-content\/uploads\/2023\/10\/AdobeStock_513607671-1024x683.jpeg 1024w, https:\/\/www.dentistesfigueras.com\/wp-content\/uploads\/2023\/10\/AdobeStock_513607671-300x200.jpeg 300w, https:\/\/www.dentistesfigueras.com\/wp-content\/uploads\/2023\/10\/AdobeStock_513607671-768x512.jpeg 768w, https:\/\/www.dentistesfigueras.com\/wp-content\/uploads\/2023\/10\/AdobeStock_513607671-1536x1024.jpeg 1536w, https:\/\/www.dentistesfigueras.com\/wp-content\/uploads\/2023\/10\/AdobeStock_513607671-2048x1365.jpeg 2048w\" sizes=\"(max-width: 800px) 100vw, 800px\" \/>\t\t\t\t\t\t\t\t\t\t\t\t\t\t\t<\/div>\n\t\t\t\t<\/div>\n\t\t\t\t<div class=\"elementor-element elementor-element-4371f86 elementor-widget__width-initial elementor-widget-mobile__width-inherit elementor-widget elementor-widget-text-editor\" data-id=\"4371f86\" data-element_type=\"widget\" data-widget_type=\"text-editor.default\">\n\t\t\t\t<div class=\"elementor-widget-container\">\n\t\t\t\t\t\t\t<h2>El proceso Invisalign<\/h2>\n<p>El tratamiento Invisalign comienza con una consulta inicial en la que evaluaremos su situaci\u00f3n ortod\u00f3ntica y discutiremos sus objetivos. Si Invisalign es adecuado para sus necesidades, se elaborar\u00e1 un plan de tratamiento personalizado que mostrar\u00e1 c\u00f3mo evolucionar\u00e1n sus dientes con el tiempo. Sus alineadores Invisalign se fabricar\u00e1n a medida seg\u00fan su plan de tratamiento.<\/p>\n<p>Una vez que tenga sus alineadores Invisalign, los usar\u00e1 la mayor parte del tiempo y cambiar\u00e1 regularmente de serie para avanzar en el tratamiento. Adem\u00e1s, volver\u00e1 a nuestra cl\u00ednica regularmente para revisiones y ajustes. Este seguimiento garantiza que la progresi\u00f3n del tratamiento sea conforme al plan establecido.<\/p>\n\t\t\t\t\t\t<\/div>\n\t\t\t\t<\/div>\n\t\t\t\t<\/div>\n\t\t<div class=\"elementor-element elementor-element-0a9fa57 e-con-full e-flex e-con e-child\" data-id=\"0a9fa57\" data-element_type=\"container\" data-settings=\"{&quot;content_width&quot;:&quot;full&quot;}\">\n\t\t\t\t<div class=\"elementor-element elementor-element-6a19a7f elementor-widget elementor-widget-text-editor\" data-id=\"6a19a7f\" data-element_type=\"widget\" data-widget_type=\"text-editor.default\">\n\t\t\t\t<div class=\"elementor-widget-container\">\n\t\t\t\t\t\t\t<h2>Resultados invisibles<\/h2>\n<p>Obtenga la sonrisa que siempre ha deseado sin las incomodidades de los aparatos tradicionales. Estamos orgullosos de ofrecer Invisalign como una soluci\u00f3n ortod\u00f3ntica de vanguardia.<br \/>Los resultados var\u00edan de un paciente a otro y la duraci\u00f3n del tratamiento depende de la complejidad de su caso.<\/p>\n<p><a href=\"https:\/\/www.dentistesfigueras.com\/es\/contact\/\"><span style=\"color: #409595;\">Cont\u00e1ctenos<\/span><\/a> para programar una consulta y obtener un presupuesto.<\/p>\n\t\t\t\t\t\t<\/div>\n\t\t\t\t<\/div>\n\t\t\t\t<\/div>\n\t\t\t\t<\/div>\n\t\t\t\t\t\t\t<\/div>\n\t\t","protected":false},"excerpt":{"rendered":"<p>Ortodoncia Invisalign Los Doctores CARDOSO, DUBIE y PORRA se enorgullecen de ofrecerle el m\u00e9todo Invisalign. Una soluci\u00f3n discreta y efectiva para obtener la sonrisa que se merece. \u00bf Por qu\u00e9 elegir Invisalign ? Invisalign es una alternativa moderna y est\u00e9tica a los aparatos ortod\u00f3nticos tradicionales. Las f\u00e9rulas transparentes y removibles est\u00e1n dise\u00f1adas a medida para [&hellip;]<\/p>\n","protected":false},"author":1,"featured_media":0,"parent":0,"menu_order":0,"comment_status":"closed","ping_status":"closed","template":"","meta":{"_seopress_robots_primary_cat":"","footnotes":""},"_links":{"self":[{"href":"https:\/\/www.dentistesfigueras.com\/es\/wp-json\/wp\/v2\/pages\/796"}],"collection":[{"href":"https:\/\/www.dentistesfigueras.com\/es\/wp-json\/wp\/v2\/pages"}],"about":[{"href":"https:\/\/www.dentistesfigueras.com\/es\/wp-json\/wp\/v2\/types\/page"}],"author":[{"embeddable":true,"href":"https:\/\/www.dentistesfigueras.com\/es\/wp-json\/wp\/v2\/users\/1"}],"replies":[{"embeddable":true,"href":"https:\/\/www.dentistesfigueras.com\/es\/wp-json\/wp\/v2\/comments?post=796"}],"version-history":[{"count":3,"href":"https:\/\/www.dentistesfigueras.com\/es\/wp-json\/wp\/v2\/pages\/796\/revisions"}],"predecessor-version":[{"id":934,"href":"https:\/\/www.dentistesfigueras.com\/es\/wp-json\/wp\/v2\/pages\/796\/revisions\/934"}],"wp:attachment":[{"href":"https:\/\/www.dentistesfigueras.com\/es\/wp-json\/wp\/v2\/media?parent=796"}],"curies":[{"name":"wp","href":"https:\/\/api.w.org\/{rel}","templated":true}]}}