{"id":802,"date":"2023-10-30T11:52:44","date_gmt":"2023-10-30T10:52:44","guid":{"rendered":"https:\/\/www.dentistesfigueras.com\/carillas\/"},"modified":"2023-11-15T10:36:25","modified_gmt":"2023-11-15T09:36:25","slug":"carillas","status":"publish","type":"page","link":"https:\/\/www.dentistesfigueras.com\/es\/carillas\/","title":{"rendered":"Carillas"},"content":{"rendered":"\t\t<div data-elementor-type=\"wp-page\" data-elementor-id=\"802\" class=\"elementor elementor-802 elementor-748\" data-elementor-post-type=\"page\">\n\t\t\t\t\t\t\t<div class=\"elementor-element elementor-element-3d241f2 e-con-full e-flex e-con e-parent\" data-id=\"3d241f2\" data-element_type=\"container\" data-settings=\"{&quot;content_width&quot;:&quot;full&quot;,&quot;background_background&quot;:&quot;classic&quot;}\" data-core-v316-plus=\"true\">\n\t\t<div class=\"elementor-element elementor-element-4b07ce3 e-con-full e-flex e-con e-child\" data-id=\"4b07ce3\" data-element_type=\"container\" data-settings=\"{&quot;content_width&quot;:&quot;full&quot;}\">\n\t\t\t\t<div class=\"elementor-element elementor-element-4eb1b03 elementor-widget elementor-widget-heading\" data-id=\"4eb1b03\" data-element_type=\"widget\" data-widget_type=\"heading.default\">\n\t\t\t\t<div class=\"elementor-widget-container\">\n\t\t\t<style>\/*! elementor - v3.16.0 - 09-10-2023 *\/\n.elementor-heading-title{padding:0;margin:0;line-height:1}.elementor-widget-heading .elementor-heading-title[class*=elementor-size-]>a{color:inherit;font-size:inherit;line-height:inherit}.elementor-widget-heading .elementor-heading-title.elementor-size-small{font-size:15px}.elementor-widget-heading .elementor-heading-title.elementor-size-medium{font-size:19px}.elementor-widget-heading .elementor-heading-title.elementor-size-large{font-size:29px}.elementor-widget-heading .elementor-heading-title.elementor-size-xl{font-size:39px}.elementor-widget-heading .elementor-heading-title.elementor-size-xxl{font-size:59px}<\/style><h1 class=\"elementor-heading-title elementor-size-default\">Carillas dentales<\/h1>\t\t<\/div>\n\t\t\t\t<\/div>\n\t\t\t\t<\/div>\n\t\t<div class=\"elementor-element elementor-element-beca3fb e-con-full e-flex e-con e-child\" data-id=\"beca3fb\" data-element_type=\"container\" data-settings=\"{&quot;content_width&quot;:&quot;full&quot;}\">\n\t\t\t\t<div class=\"elementor-element elementor-element-050e9d4 elementor-widget__width-initial elementor-widget-mobile__width-inherit elementor-widget elementor-widget-text-editor\" data-id=\"050e9d4\" data-element_type=\"widget\" data-widget_type=\"text-editor.default\">\n\t\t\t\t<div class=\"elementor-widget-container\">\n\t\t\t<style>\/*! elementor - v3.16.0 - 09-10-2023 *\/\n.elementor-widget-text-editor.elementor-drop-cap-view-stacked .elementor-drop-cap{background-color:#69727d;color:#fff}.elementor-widget-text-editor.elementor-drop-cap-view-framed .elementor-drop-cap{color:#69727d;border:3px solid;background-color:transparent}.elementor-widget-text-editor:not(.elementor-drop-cap-view-default) .elementor-drop-cap{margin-top:8px}.elementor-widget-text-editor:not(.elementor-drop-cap-view-default) .elementor-drop-cap-letter{width:1em;height:1em}.elementor-widget-text-editor .elementor-drop-cap{float:left;text-align:center;line-height:1;font-size:50px}.elementor-widget-text-editor .elementor-drop-cap-letter{display:inline-block}<\/style>\t\t\t\t<h2>\u00bf Por qu\u00e9 elegir carillas dentales ?<\/h2>\n<p>Las carillas dentales son una soluci\u00f3n est\u00e9tica de primera categor\u00eda para transformar su sonrisa. Ofrecen resultados r\u00e1pidos y espectaculares, corrigiendo dientes manchados, astillados, decolorados o ligeramente mal alineados. Fabricadas a medida para ajustarse perfectamente a sus dientes, ofrecen una est\u00e9tica natural y una durabilidad resistente a manchas y decoloraci\u00f3n.<\/p>\n\t\t\t\t\t\t<\/div>\n\t\t\t\t<\/div>\n\t\t\t\t<div class=\"elementor-element elementor-element-916551f elementor-widget__width-initial elementor-widget-mobile__width-inherit elementor-widget elementor-widget-image\" data-id=\"916551f\" data-element_type=\"widget\" data-widget_type=\"image.default\">\n\t\t\t\t<div class=\"elementor-widget-container\">\n\t\t\t<style>\/*! elementor - v3.16.0 - 09-10-2023 *\/\n.elementor-widget-image{text-align:center}.elementor-widget-image a{display:inline-block}.elementor-widget-image a img[src$=\".svg\"]{width:48px}.elementor-widget-image img{vertical-align:middle;display:inline-block}<\/style>\t\t\t\t\t\t\t\t\t\t\t\t<img decoding=\"async\" loading=\"lazy\" width=\"800\" height=\"534\" src=\"https:\/\/www.dentistesfigueras.com\/wp-content\/uploads\/2023\/10\/AdobeStock_577341401-1024x683.jpeg\" class=\"attachment-large size-large wp-image-757\" alt=\"Facettes Dentaires Espagne\" srcset=\"https:\/\/www.dentistesfigueras.com\/wp-content\/uploads\/2023\/10\/AdobeStock_577341401-1024x683.jpeg 1024w, https:\/\/www.dentistesfigueras.com\/wp-content\/uploads\/2023\/10\/AdobeStock_577341401-300x200.jpeg 300w, https:\/\/www.dentistesfigueras.com\/wp-content\/uploads\/2023\/10\/AdobeStock_577341401-768x512.jpeg 768w, https:\/\/www.dentistesfigueras.com\/wp-content\/uploads\/2023\/10\/AdobeStock_577341401-1536x1024.jpeg 1536w\" sizes=\"(max-width: 800px) 100vw, 800px\" \/>\t\t\t\t\t\t\t\t\t\t\t\t\t\t\t<\/div>\n\t\t\t\t<\/div>\n\t\t\t\t<\/div>\n\t\t<div class=\"elementor-element elementor-element-1edb1d4 e-con-full e-flex e-con e-child\" data-id=\"1edb1d4\" data-element_type=\"container\" data-settings=\"{&quot;content_width&quot;:&quot;full&quot;}\">\n\t\t\t\t<div class=\"elementor-element elementor-element-f738a0b elementor-widget__width-initial elementor-widget-mobile__width-inherit elementor-widget elementor-widget-image\" data-id=\"f738a0b\" data-element_type=\"widget\" data-widget_type=\"image.default\">\n\t\t\t\t<div class=\"elementor-widget-container\">\n\t\t\t\t\t\t\t\t\t\t\t\t\t\t\t<img decoding=\"async\" loading=\"lazy\" width=\"800\" height=\"534\" src=\"https:\/\/www.dentistesfigueras.com\/wp-content\/uploads\/2023\/10\/AdobeStock_187240822-1024x683.jpeg\" class=\"attachment-large size-large wp-image-750\" alt=\"Pose Facette dentaires Pas cher\" srcset=\"https:\/\/www.dentistesfigueras.com\/wp-content\/uploads\/2023\/10\/AdobeStock_187240822-1024x683.jpeg 1024w, https:\/\/www.dentistesfigueras.com\/wp-content\/uploads\/2023\/10\/AdobeStock_187240822-300x200.jpeg 300w, https:\/\/www.dentistesfigueras.com\/wp-content\/uploads\/2023\/10\/AdobeStock_187240822-768x512.jpeg 768w, https:\/\/www.dentistesfigueras.com\/wp-content\/uploads\/2023\/10\/AdobeStock_187240822-1536x1024.jpeg 1536w\" sizes=\"(max-width: 800px) 100vw, 800px\" \/>\t\t\t\t\t\t\t\t\t\t\t\t\t\t\t<\/div>\n\t\t\t\t<\/div>\n\t\t\t\t<div class=\"elementor-element elementor-element-4371f86 elementor-widget__width-initial elementor-widget-mobile__width-inherit elementor-widget elementor-widget-text-editor\" data-id=\"4371f86\" data-element_type=\"widget\" data-widget_type=\"text-editor.default\">\n\t\t\t\t<div class=\"elementor-widget-container\">\n\t\t\t\t\t\t\t<h2>El proceso de las carillas dentales<\/h2>\n<p>El proceso de colocaci\u00f3n de carillas dentales es simple y eficaz. Comienza con una consulta inicial para evaluar tus objetivos est\u00e9ticos. Luego, se dise\u00f1an carillas a medida y se realiza una preparaci\u00f3n dental m\u00ednima. Finalmente, las carillas se fijan con precisi\u00f3n en sus dientes. Obtiene una sonrisa completamente transformada y una mejor autoestima.<\/p>\n<p><a href=\"https:\/\/www.dentistesfigueras.com\/es\/contact\/\"><span style=\"color: #409595;\">Cont\u00e1ctenos para planificar una consulta<\/span><\/a> y descubrir c\u00f3mo las carillas dentales pueden mejorar su sonrisa. Los resultados var\u00edan de un paciente a otro y la duraci\u00f3n del tratamiento depende de la complejidad de su caso.<\/p>\n\t\t\t\t\t\t<\/div>\n\t\t\t\t<\/div>\n\t\t\t\t<\/div>\n\t\t\t\t<\/div>\n\t\t\t\t\t\t\t<\/div>\n\t\t","protected":false},"excerpt":{"rendered":"<p>Carillas dentales \u00bf Por qu\u00e9 elegir carillas dentales ? Las carillas dentales son una soluci\u00f3n est\u00e9tica de primera categor\u00eda para transformar su sonrisa. Ofrecen resultados r\u00e1pidos y espectaculares, corrigiendo dientes manchados, astillados, decolorados o ligeramente mal alineados. Fabricadas a medida para ajustarse perfectamente a sus dientes, ofrecen una est\u00e9tica natural y una durabilidad resistente a [&hellip;]<\/p>\n","protected":false},"author":1,"featured_media":0,"parent":0,"menu_order":0,"comment_status":"closed","ping_status":"closed","template":"","meta":{"_seopress_robots_primary_cat":"","footnotes":""},"_links":{"self":[{"href":"https:\/\/www.dentistesfigueras.com\/es\/wp-json\/wp\/v2\/pages\/802"}],"collection":[{"href":"https:\/\/www.dentistesfigueras.com\/es\/wp-json\/wp\/v2\/pages"}],"about":[{"href":"https:\/\/www.dentistesfigueras.com\/es\/wp-json\/wp\/v2\/types\/page"}],"author":[{"embeddable":true,"href":"https:\/\/www.dentistesfigueras.com\/es\/wp-json\/wp\/v2\/users\/1"}],"replies":[{"embeddable":true,"href":"https:\/\/www.dentistesfigueras.com\/es\/wp-json\/wp\/v2\/comments?post=802"}],"version-history":[{"count":2,"href":"https:\/\/www.dentistesfigueras.com\/es\/wp-json\/wp\/v2\/pages\/802\/revisions"}],"predecessor-version":[{"id":925,"href":"https:\/\/www.dentistesfigueras.com\/es\/wp-json\/wp\/v2\/pages\/802\/revisions\/925"}],"wp:attachment":[{"href":"https:\/\/www.dentistesfigueras.com\/es\/wp-json\/wp\/v2\/media?parent=802"}],"curies":[{"name":"wp","href":"https:\/\/api.w.org\/{rel}","templated":true}]}}